{"id":1441,"date":"2025-09-01T22:26:36","date_gmt":"2025-09-01T22:26:36","guid":{"rendered":"https:\/\/turanciaer.com\/?post_type=product&#038;p=1441"},"modified":"2025-10-02T06:07:39","modified_gmt":"2025-10-02T06:07:39","slug":"kat-arabasi","status":"publish","type":"product","link":"https:\/\/turanciaer.com\/en\/product\/kat-arabasi\/","title":{"rendered":"Chambermaid\u2019s Trolley"},"content":{"rendered":"<ul>\n<li>Electrostatic powder coated tube structure<\/li>\n<li>MDF Lam surface<\/li>\n<li>5-Compartment Upper Boucle Box<\/li>\n<li>Foldable Side Arm<\/li>\n<li>Door that can be locked up<\/li>\n<li>Impact Tire<\/li>\n<li>Four Movable Wheels, Two with Brakes<\/li>\n<\/ul>\n<p><strong>Dimensions:<\/strong> W: 58 L: 92 \/ 147 H: 133 cm<\/p>","protected":false},"excerpt":{"rendered":"<p>Elektrostatik Boyal\u0131 DKP Profil \u0130skelet MDF Lam G\u00f6vde 5 B\u00f6l\u00fcml\u00fc \u00dcst Buklet Kutusu Katlanabilir Yan Kol Kilitli Kapak \u00c7arpma Lasti\u011fi<\/p>","protected":false},"featured_media":1444,"template":"","meta":[],"product_brand":[],"product_cat":[171,176],"product_tag":[],"class_list":{"0":"post-1441","1":"product","2":"type-product","3":"status-publish","4":"has-post-thumbnail","6":"product_cat-kat-arabalari","7":"product_cat-kat-hizmetleri-ekipmanlari","9":"first","10":"instock","11":"shipping-taxable","12":"product-type-simple"},"_links":{"self":[{"href":"https:\/\/turanciaer.com\/en\/wp-json\/wp\/v2\/product\/1441","targetHints":{"allow":["GET"]}}],"collection":[{"href":"https:\/\/turanciaer.com\/en\/wp-json\/wp\/v2\/product"}],"about":[{"href":"https:\/\/turanciaer.com\/en\/wp-json\/wp\/v2\/types\/product"}],"version-history":[{"count":4,"href":"https:\/\/turanciaer.com\/en\/wp-json\/wp\/v2\/product\/1441\/revisions"}],"predecessor-version":[{"id":2152,"href":"https:\/\/turanciaer.com\/en\/wp-json\/wp\/v2\/product\/1441\/revisions\/2152"}],"wp:featuredmedia":[{"embeddable":true,"href":"https:\/\/turanciaer.com\/en\/wp-json\/wp\/v2\/media\/1444"}],"wp:attachment":[{"href":"https:\/\/turanciaer.com\/en\/wp-json\/wp\/v2\/media?parent=1441"}],"wp:term":[{"taxonomy":"product_brand","embeddable":true,"href":"https:\/\/turanciaer.com\/en\/wp-json\/wp\/v2\/product_brand?post=1441"},{"taxonomy":"product_cat","embeddable":true,"href":"https:\/\/turanciaer.com\/en\/wp-json\/wp\/v2\/product_cat?post=1441"},{"taxonomy":"product_tag","embeddable":true,"href":"https:\/\/turanciaer.com\/en\/wp-json\/wp\/v2\/product_tag?post=1441"}],"curies":[{"name":"wp","href":"https:\/\/api.w.org\/{rel}","templated":true}]}}