{"id":1468,"date":"2025-05-26T22:49:20","date_gmt":"2025-05-26T22:49:20","guid":{"rendered":"https:\/\/turanciaer.com\/?post_type=product&#038;p=1468"},"modified":"2025-06-02T18:41:58","modified_gmt":"2025-06-02T18:41:58","slug":"elbise-aski-arabasi","status":"publish","type":"product","link":"https:\/\/turanciaer.com\/en\/product\/elbise-aski-arabasi\/","title":{"rendered":"Garment Rail"},"content":{"rendered":"<ul>\n<li>Electrostatic powder coated tube structure<\/li>\n<li>Impact Tire<\/li>\n<li>Four Movable Wheels, Two with Brakes<\/li>\n<\/ul>\n<p><strong>Dimensions:<\/strong> W: 67 L: 152\u00a0 H: 175 cm<\/p>","protected":false},"excerpt":{"rendered":"<p>Elektrostatik Boyal\u0131 DKP Profil I\u0307skelet \u00c7arpma Lasti\u011fi I\u0307kisi Frenli, Do\u0308rt Adet Hareketli Tekerlek \u00d6l\u00e7\u00fcler: E: 67 B: 152\u00a0 Y: 175<\/p>","protected":false},"featured_media":1469,"template":"","meta":[],"product_brand":[],"product_cat":[196],"product_tag":[],"class_list":{"0":"post-1468","1":"product","2":"type-product","3":"status-publish","4":"has-post-thumbnail","6":"product_cat-oda-servis-arabalari","8":"first","9":"instock","10":"shipping-taxable","11":"product-type-simple"},"_links":{"self":[{"href":"https:\/\/turanciaer.com\/en\/wp-json\/wp\/v2\/product\/1468","targetHints":{"allow":["GET"]}}],"collection":[{"href":"https:\/\/turanciaer.com\/en\/wp-json\/wp\/v2\/product"}],"about":[{"href":"https:\/\/turanciaer.com\/en\/wp-json\/wp\/v2\/types\/product"}],"version-history":[{"count":2,"href":"https:\/\/turanciaer.com\/en\/wp-json\/wp\/v2\/product\/1468\/revisions"}],"predecessor-version":[{"id":1475,"href":"https:\/\/turanciaer.com\/en\/wp-json\/wp\/v2\/product\/1468\/revisions\/1475"}],"wp:featuredmedia":[{"embeddable":true,"href":"https:\/\/turanciaer.com\/en\/wp-json\/wp\/v2\/media\/1469"}],"wp:attachment":[{"href":"https:\/\/turanciaer.com\/en\/wp-json\/wp\/v2\/media?parent=1468"}],"wp:term":[{"taxonomy":"product_brand","embeddable":true,"href":"https:\/\/turanciaer.com\/en\/wp-json\/wp\/v2\/product_brand?post=1468"},{"taxonomy":"product_cat","embeddable":true,"href":"https:\/\/turanciaer.com\/en\/wp-json\/wp\/v2\/product_cat?post=1468"},{"taxonomy":"product_tag","embeddable":true,"href":"https:\/\/turanciaer.com\/en\/wp-json\/wp\/v2\/product_tag?post=1468"}],"curies":[{"name":"wp","href":"https:\/\/api.w.org\/{rel}","templated":true}]}}