{"id":1471,"date":"2025-06-26T22:51:20","date_gmt":"2025-06-26T22:51:20","guid":{"rendered":"https:\/\/turanciaer.com\/?post_type=product&#038;p=1471"},"modified":"2025-10-02T07:17:16","modified_gmt":"2025-10-02T07:17:16","slug":"minibar-009","status":"publish","type":"product","link":"https:\/\/turanciaer.com\/en\/product\/minibar-009\/","title":{"rendered":"Minibar Trolley"},"content":{"rendered":"<ul>\n<li>AISI 304 Quality Stainless Steel Skeleton<\/li>\n<li>Glossmax (High Gloss) surface<\/li>\n<li>3 Railed Service Drawers<\/li>\n<li>4 x 270\u00b0 Braked Hinge<\/li>\n<li>5-Compartment Upper Boucle Box<\/li>\n<li>Door that can be locked up<\/li>\n<li>Four Movable Wheels, Two with Brakes<\/li>\n<\/ul>\n<p><strong>Dimensions:<\/strong> W: 56 L: 70\u00a0 H: 132 cm<\/p>","protected":false},"excerpt":{"rendered":"<p>AISI 304 Kalite Paslanmaz C\u0327elik Profil I\u0307skelet Glossmax (High Gloss) G\u00f6vde 3 Adet Rayl\u0131 \u00c7ekmece 4 adet 270\u00b0 Frenli Mente\u015fe<\/p>","protected":false},"featured_media":1479,"template":"","meta":[],"product_brand":[],"product_cat":[176,193],"product_tag":[],"class_list":{"0":"post-1471","1":"product","2":"type-product","3":"status-publish","4":"has-post-thumbnail","6":"product_cat-kat-hizmetleri-ekipmanlari","7":"product_cat-minibar-arabalari","9":"first","10":"instock","11":"featured","12":"shipping-taxable","13":"product-type-simple"},"_links":{"self":[{"href":"https:\/\/turanciaer.com\/en\/wp-json\/wp\/v2\/product\/1471","targetHints":{"allow":["GET"]}}],"collection":[{"href":"https:\/\/turanciaer.com\/en\/wp-json\/wp\/v2\/product"}],"about":[{"href":"https:\/\/turanciaer.com\/en\/wp-json\/wp\/v2\/types\/product"}],"version-history":[{"count":1,"href":"https:\/\/turanciaer.com\/en\/wp-json\/wp\/v2\/product\/1471\/revisions"}],"predecessor-version":[{"id":1472,"href":"https:\/\/turanciaer.com\/en\/wp-json\/wp\/v2\/product\/1471\/revisions\/1472"}],"wp:featuredmedia":[{"embeddable":true,"href":"https:\/\/turanciaer.com\/en\/wp-json\/wp\/v2\/media\/1479"}],"wp:attachment":[{"href":"https:\/\/turanciaer.com\/en\/wp-json\/wp\/v2\/media?parent=1471"}],"wp:term":[{"taxonomy":"product_brand","embeddable":true,"href":"https:\/\/turanciaer.com\/en\/wp-json\/wp\/v2\/product_brand?post=1471"},{"taxonomy":"product_cat","embeddable":true,"href":"https:\/\/turanciaer.com\/en\/wp-json\/wp\/v2\/product_cat?post=1471"},{"taxonomy":"product_tag","embeddable":true,"href":"https:\/\/turanciaer.com\/en\/wp-json\/wp\/v2\/product_tag?post=1471"}],"curies":[{"name":"wp","href":"https:\/\/api.w.org\/{rel}","templated":true}]}}