{"id":1480,"date":"2025-09-21T23:09:40","date_gmt":"2025-09-21T23:09:40","guid":{"rendered":"https:\/\/turanciaer.com\/?post_type=product&#038;p=1480"},"modified":"2026-02-23T19:14:55","modified_gmt":"2026-02-23T19:14:55","slug":"gece-mavisi-icki-arabasi","status":"publish","type":"product","link":"https:\/\/turanciaer.com\/en\/product\/gece-mavisi-icki-arabasi\/","title":{"rendered":"Liquor Trolley"},"content":{"rendered":"<ul>\n<li>AISI 304 Quality Stainless Steel Skeleton<\/li>\n<li>Body made from Hornbeam wood<\/li>\n<li>Shiny Gold PVD Coating<\/li>\n<li>2 Railed Service Drawers<\/li>\n<li>2 Compartment Drink Treasury<\/li>\n<li>Metal stand for holding glasses<\/li>\n<li>Four Movable Wheels, Two with Brakes<\/li>\n<\/ul>\n<p><strong>Dimensions:<\/strong> W: 60 L: 114\u00a0 H: 95 cm<\/p>","protected":false},"excerpt":{"rendered":"<p>AISI 304 Kalite Paslanmaz C\u0327elik Profil I\u0307skelet G\u00fcrken Kaplamal\u0131 G\u00f6vde Parlak Gold PVD Kaplama 2 Adet Rayl\u0131 Servis \u00c7ekmecesi 2<\/p>","protected":false},"featured_media":1481,"template":"","meta":[],"product_brand":[],"product_cat":[172],"product_tag":[],"class_list":{"0":"post-1480","1":"product","2":"type-product","3":"status-publish","4":"has-post-thumbnail","6":"product_cat-icki-arabalari","8":"first","9":"instock","10":"featured","11":"shipping-taxable","12":"product-type-simple"},"_links":{"self":[{"href":"https:\/\/turanciaer.com\/en\/wp-json\/wp\/v2\/product\/1480","targetHints":{"allow":["GET"]}}],"collection":[{"href":"https:\/\/turanciaer.com\/en\/wp-json\/wp\/v2\/product"}],"about":[{"href":"https:\/\/turanciaer.com\/en\/wp-json\/wp\/v2\/types\/product"}],"version-history":[{"count":2,"href":"https:\/\/turanciaer.com\/en\/wp-json\/wp\/v2\/product\/1480\/revisions"}],"predecessor-version":[{"id":1823,"href":"https:\/\/turanciaer.com\/en\/wp-json\/wp\/v2\/product\/1480\/revisions\/1823"}],"wp:featuredmedia":[{"embeddable":true,"href":"https:\/\/turanciaer.com\/en\/wp-json\/wp\/v2\/media\/1481"}],"wp:attachment":[{"href":"https:\/\/turanciaer.com\/en\/wp-json\/wp\/v2\/media?parent=1480"}],"wp:term":[{"taxonomy":"product_brand","embeddable":true,"href":"https:\/\/turanciaer.com\/en\/wp-json\/wp\/v2\/product_brand?post=1480"},{"taxonomy":"product_cat","embeddable":true,"href":"https:\/\/turanciaer.com\/en\/wp-json\/wp\/v2\/product_cat?post=1480"},{"taxonomy":"product_tag","embeddable":true,"href":"https:\/\/turanciaer.com\/en\/wp-json\/wp\/v2\/product_tag?post=1480"}],"curies":[{"name":"wp","href":"https:\/\/api.w.org\/{rel}","templated":true}]}}