{"id":1486,"date":"2025-09-21T23:18:42","date_gmt":"2025-09-21T23:18:42","guid":{"rendered":"https:\/\/turanciaer.com\/?post_type=product&#038;p=1486"},"modified":"2026-02-23T19:14:46","modified_gmt":"2026-02-23T19:14:46","slug":"sampanya-arabasi","status":"publish","type":"product","link":"https:\/\/turanciaer.com\/en\/product\/sampanya-arabasi\/","title":{"rendered":"Champagne Trolley"},"content":{"rendered":"<ul>\n<li>AISI 304 Quality Stainless Steel Skeleton<\/li>\n<li>Stainless Steel Body<\/li>\n<li>Shiny Gold PVD Coating<\/li>\n<li>16 pcs. stainless-steel champagne cup holder<\/li>\n<li>AISI 304 Quality Stainless Steel Champagne Bucket<\/li>\n<li>Four Movable Wheels, Two with Brakes<\/li>\n<\/ul>\n<p><strong>Dimensions:<\/strong> W: 95 L: 120\u00a0 H: 85 cm<\/p>","protected":false},"excerpt":{"rendered":"<p>AISI 304 Kalite Paslanmaz C\u0327elik Profil I\u0307skelet 2mm Kal\u0131nl\u0131\u011f\u0131nda Paslanmaz \u00c7elik G\u00f6vde Parlak Gold PVD Kaplama 16 B\u00f6lmeli Bardakl\u0131k AISI<\/p>","protected":false},"featured_media":1487,"template":"","meta":[],"product_brand":[],"product_cat":[172],"product_tag":[],"class_list":{"0":"post-1486","1":"product","2":"type-product","3":"status-publish","4":"has-post-thumbnail","6":"product_cat-icki-arabalari","8":"first","9":"instock","10":"featured","11":"shipping-taxable","12":"product-type-simple"},"_links":{"self":[{"href":"https:\/\/turanciaer.com\/en\/wp-json\/wp\/v2\/product\/1486","targetHints":{"allow":["GET"]}}],"collection":[{"href":"https:\/\/turanciaer.com\/en\/wp-json\/wp\/v2\/product"}],"about":[{"href":"https:\/\/turanciaer.com\/en\/wp-json\/wp\/v2\/types\/product"}],"version-history":[{"count":3,"href":"https:\/\/turanciaer.com\/en\/wp-json\/wp\/v2\/product\/1486\/revisions"}],"predecessor-version":[{"id":2154,"href":"https:\/\/turanciaer.com\/en\/wp-json\/wp\/v2\/product\/1486\/revisions\/2154"}],"wp:featuredmedia":[{"embeddable":true,"href":"https:\/\/turanciaer.com\/en\/wp-json\/wp\/v2\/media\/1487"}],"wp:attachment":[{"href":"https:\/\/turanciaer.com\/en\/wp-json\/wp\/v2\/media?parent=1486"}],"wp:term":[{"taxonomy":"product_brand","embeddable":true,"href":"https:\/\/turanciaer.com\/en\/wp-json\/wp\/v2\/product_brand?post=1486"},{"taxonomy":"product_cat","embeddable":true,"href":"https:\/\/turanciaer.com\/en\/wp-json\/wp\/v2\/product_cat?post=1486"},{"taxonomy":"product_tag","embeddable":true,"href":"https:\/\/turanciaer.com\/en\/wp-json\/wp\/v2\/product_tag?post=1486"}],"curies":[{"name":"wp","href":"https:\/\/api.w.org\/{rel}","templated":true}]}}