{"id":1490,"date":"2025-09-21T23:22:59","date_gmt":"2025-09-21T23:22:59","guid":{"rendered":"https:\/\/turanciaer.com\/?post_type=product&#038;p=1490"},"modified":"2026-02-23T19:14:37","modified_gmt":"2026-02-23T19:14:37","slug":"icki-arabasi","status":"publish","type":"product","link":"https:\/\/turanciaer.com\/en\/product\/icki-arabasi\/","title":{"rendered":"Wine Trolley"},"content":{"rendered":"<ul>\n<li>Extra Durable Hornbeam Trunk<\/li>\n<li>Service Drawer<\/li>\n<li>2 pcs. of ice buckets<\/li>\n<li>Plexiglass stand for holding glasses<\/li>\n<li>Glass Rack<\/li>\n<li>Four Movable Wheels, Two with Brakes<\/li>\n<\/ul>\n<p><strong>Dimensions:<\/strong> W: 52 L: 94\u00a0 H: 97 cm<\/p>","protected":false},"excerpt":{"rendered":"<p>Ekstra Dayan\u0131kl\u0131 G\u00fcrgen G\u00f6vde Servis \u00c7ekmecesi 2 Adet Paslanmaz Buz Kovas\u0131 Plexi Bardakl\u0131k Bardak Raf\u0131 I\u0307kisi Frenli, Do\u0308rt Adet Hareketli<\/p>","protected":false},"featured_media":1493,"template":"","meta":[],"product_brand":[],"product_cat":[172],"product_tag":[],"class_list":{"0":"post-1490","1":"product","2":"type-product","3":"status-publish","4":"has-post-thumbnail","6":"product_cat-icki-arabalari","8":"first","9":"instock","10":"shipping-taxable","11":"product-type-simple"},"_links":{"self":[{"href":"https:\/\/turanciaer.com\/en\/wp-json\/wp\/v2\/product\/1490","targetHints":{"allow":["GET"]}}],"collection":[{"href":"https:\/\/turanciaer.com\/en\/wp-json\/wp\/v2\/product"}],"about":[{"href":"https:\/\/turanciaer.com\/en\/wp-json\/wp\/v2\/types\/product"}],"version-history":[{"count":1,"href":"https:\/\/turanciaer.com\/en\/wp-json\/wp\/v2\/product\/1490\/revisions"}],"predecessor-version":[{"id":1495,"href":"https:\/\/turanciaer.com\/en\/wp-json\/wp\/v2\/product\/1490\/revisions\/1495"}],"wp:featuredmedia":[{"embeddable":true,"href":"https:\/\/turanciaer.com\/en\/wp-json\/wp\/v2\/media\/1493"}],"wp:attachment":[{"href":"https:\/\/turanciaer.com\/en\/wp-json\/wp\/v2\/media?parent=1490"}],"wp:term":[{"taxonomy":"product_brand","embeddable":true,"href":"https:\/\/turanciaer.com\/en\/wp-json\/wp\/v2\/product_brand?post=1490"},{"taxonomy":"product_cat","embeddable":true,"href":"https:\/\/turanciaer.com\/en\/wp-json\/wp\/v2\/product_cat?post=1490"},{"taxonomy":"product_tag","embeddable":true,"href":"https:\/\/turanciaer.com\/en\/wp-json\/wp\/v2\/product_tag?post=1490"}],"curies":[{"name":"wp","href":"https:\/\/api.w.org\/{rel}","templated":true}]}}