{"id":1496,"date":"2025-09-21T23:28:22","date_gmt":"2025-09-21T23:28:22","guid":{"rendered":"https:\/\/turanciaer.com\/?post_type=product&#038;p=1496"},"modified":"2026-02-23T19:14:24","modified_gmt":"2026-02-23T19:14:24","slug":"yuvarlak-icki-arabasi","status":"publish","type":"product","link":"https:\/\/turanciaer.com\/en\/product\/yuvarlak-icki-arabasi\/","title":{"rendered":"Wine Trolley"},"content":{"rendered":"<ul>\n<li>Extra Durable Hornbeam Trunk<\/li>\n<li>Gold Plated Frame<\/li>\n<li>Four Movable Wheels, Two with Brakes<\/li>\n<\/ul>\n<p><strong>Dimensions:<\/strong> W: 65 L: 120\u00a0 H: 85 cm<\/p>","protected":false},"excerpt":{"rendered":"<p>Ekstra Dayan\u0131kl\u0131 G\u00fcrgen G\u00f6vde Gold Kaplamal\u0131 \u00c7er\u00e7eve I\u0307kisi Frenli, Do\u0308rt Adet Hareketli Tekerlek \u00d6l\u00e7\u00fcler: E: 65 B: 120\u00a0 Y: 85<\/p>","protected":false},"featured_media":1497,"template":"","meta":[],"product_brand":[],"product_cat":[172],"product_tag":[],"class_list":{"0":"post-1496","1":"product","2":"type-product","3":"status-publish","4":"has-post-thumbnail","6":"product_cat-icki-arabalari","8":"first","9":"instock","10":"featured","11":"shipping-taxable","12":"product-type-simple"},"_links":{"self":[{"href":"https:\/\/turanciaer.com\/en\/wp-json\/wp\/v2\/product\/1496","targetHints":{"allow":["GET"]}}],"collection":[{"href":"https:\/\/turanciaer.com\/en\/wp-json\/wp\/v2\/product"}],"about":[{"href":"https:\/\/turanciaer.com\/en\/wp-json\/wp\/v2\/types\/product"}],"version-history":[{"count":3,"href":"https:\/\/turanciaer.com\/en\/wp-json\/wp\/v2\/product\/1496\/revisions"}],"predecessor-version":[{"id":1830,"href":"https:\/\/turanciaer.com\/en\/wp-json\/wp\/v2\/product\/1496\/revisions\/1830"}],"wp:featuredmedia":[{"embeddable":true,"href":"https:\/\/turanciaer.com\/en\/wp-json\/wp\/v2\/media\/1497"}],"wp:attachment":[{"href":"https:\/\/turanciaer.com\/en\/wp-json\/wp\/v2\/media?parent=1496"}],"wp:term":[{"taxonomy":"product_brand","embeddable":true,"href":"https:\/\/turanciaer.com\/en\/wp-json\/wp\/v2\/product_brand?post=1496"},{"taxonomy":"product_cat","embeddable":true,"href":"https:\/\/turanciaer.com\/en\/wp-json\/wp\/v2\/product_cat?post=1496"},{"taxonomy":"product_tag","embeddable":true,"href":"https:\/\/turanciaer.com\/en\/wp-json\/wp\/v2\/product_tag?post=1496"}],"curies":[{"name":"wp","href":"https:\/\/api.w.org\/{rel}","templated":true}]}}