{"id":1502,"date":"2025-09-21T23:05:01","date_gmt":"2025-09-21T23:05:01","guid":{"rendered":"https:\/\/turanciaer.com\/?post_type=product&#038;p=1502"},"modified":"2026-02-23T19:31:16","modified_gmt":"2026-02-23T19:31:16","slug":"meze-arabasi","status":"publish","type":"product","link":"https:\/\/turanciaer.com\/en\/product\/meze-arabasi\/","title":{"rendered":"Appetizer Trolley"},"content":{"rendered":"<ul>\n<li>Extra Durable Hornbeam Trunk<\/li>\n<li>Stainless steel ice cooling surface<\/li>\n<li>10 x 1\u20444 GN capacity<\/li>\n<li>Plexiglass lid<\/li>\n<li>Drain Faucet<\/li>\n<li>Service Drawer<\/li>\n<li>Four Movable Wheels, Two with Brakes<\/li>\n<\/ul>\n<p><strong>Dimensions:<\/strong> W: 60 L: 105\u00a0 H: 105 cm<\/p>","protected":false},"excerpt":{"rendered":"<p>Ekstra Dayan\u0131kl\u0131 G\u00fcrgen G\u00f6vde \u0130zolasyonlu Paslanmaz Buz Haznesi 10 Ad. GN 1\u20444 &#8211; 65 mm K\u00fcvet Plexiglass Kapak Tahliye Muslu\u011fu<\/p>","protected":false},"featured_media":1503,"template":"","meta":[],"product_brand":[],"product_cat":[172],"product_tag":[],"class_list":{"0":"post-1502","1":"product","2":"type-product","3":"status-publish","4":"has-post-thumbnail","6":"product_cat-icki-arabalari","8":"first","9":"instock","10":"shipping-taxable","11":"product-type-simple"},"_links":{"self":[{"href":"https:\/\/turanciaer.com\/en\/wp-json\/wp\/v2\/product\/1502","targetHints":{"allow":["GET"]}}],"collection":[{"href":"https:\/\/turanciaer.com\/en\/wp-json\/wp\/v2\/product"}],"about":[{"href":"https:\/\/turanciaer.com\/en\/wp-json\/wp\/v2\/types\/product"}],"version-history":[{"count":1,"href":"https:\/\/turanciaer.com\/en\/wp-json\/wp\/v2\/product\/1502\/revisions"}],"predecessor-version":[{"id":1504,"href":"https:\/\/turanciaer.com\/en\/wp-json\/wp\/v2\/product\/1502\/revisions\/1504"}],"wp:featuredmedia":[{"embeddable":true,"href":"https:\/\/turanciaer.com\/en\/wp-json\/wp\/v2\/media\/1503"}],"wp:attachment":[{"href":"https:\/\/turanciaer.com\/en\/wp-json\/wp\/v2\/media?parent=1502"}],"wp:term":[{"taxonomy":"product_brand","embeddable":true,"href":"https:\/\/turanciaer.com\/en\/wp-json\/wp\/v2\/product_brand?post=1502"},{"taxonomy":"product_cat","embeddable":true,"href":"https:\/\/turanciaer.com\/en\/wp-json\/wp\/v2\/product_cat?post=1502"},{"taxonomy":"product_tag","embeddable":true,"href":"https:\/\/turanciaer.com\/en\/wp-json\/wp\/v2\/product_tag?post=1502"}],"curies":[{"name":"wp","href":"https:\/\/api.w.org\/{rel}","templated":true}]}}