{"id":1505,"date":"2025-06-26T23:41:09","date_gmt":"2025-06-26T23:41:09","guid":{"rendered":"https:\/\/turanciaer.com\/?post_type=product&#038;p=1505"},"modified":"2025-10-02T07:17:08","modified_gmt":"2025-10-02T07:17:08","slug":"pasta-arabasi","status":"publish","type":"product","link":"https:\/\/turanciaer.com\/en\/product\/pasta-arabasi\/","title":{"rendered":"Pastry Trolley"},"content":{"rendered":"<ul>\n<li>AISI 304 Stainless steel body<\/li>\n<li>AISI 304 Quality Stainless Steel Profile Skeleton<\/li>\n<li>\u0130ki Y\u00f6nden A\u00e7\u0131labilen S\u00fcrg\u00fcl\u00fc Plexiglass Kapak<\/li>\n<li>Four Movable Wheels, Two with Brakes<\/li>\n<\/ul>\n<p><strong>Dimensions:<\/strong> W: 61 L: 145\u00a0 H: 107 cm<\/p>","protected":false},"excerpt":{"rendered":"<p>AISI 304 Kalite Paslanmaz \u00c7elik G\u00f6vde AISI 304 Kalite Paslanmaz \u00c7elik Profil \u0130skelet \u0130ki Y\u00f6nden A\u00e7\u0131labilen S\u00fcrg\u00fcl\u00fc Plexiglass Kapak I\u0307kisi<\/p>","protected":false},"featured_media":1508,"template":"","meta":[],"product_brand":[],"product_cat":[190],"product_tag":[],"class_list":{"0":"post-1505","1":"product","2":"type-product","3":"status-publish","4":"has-post-thumbnail","6":"product_cat-pasta-teshir-servis-arabalari","8":"first","9":"instock","10":"featured","11":"shipping-taxable","12":"product-type-simple"},"_links":{"self":[{"href":"https:\/\/turanciaer.com\/en\/wp-json\/wp\/v2\/product\/1505","targetHints":{"allow":["GET"]}}],"collection":[{"href":"https:\/\/turanciaer.com\/en\/wp-json\/wp\/v2\/product"}],"about":[{"href":"https:\/\/turanciaer.com\/en\/wp-json\/wp\/v2\/types\/product"}],"version-history":[{"count":1,"href":"https:\/\/turanciaer.com\/en\/wp-json\/wp\/v2\/product\/1505\/revisions"}],"predecessor-version":[{"id":1507,"href":"https:\/\/turanciaer.com\/en\/wp-json\/wp\/v2\/product\/1505\/revisions\/1507"}],"wp:featuredmedia":[{"embeddable":true,"href":"https:\/\/turanciaer.com\/en\/wp-json\/wp\/v2\/media\/1508"}],"wp:attachment":[{"href":"https:\/\/turanciaer.com\/en\/wp-json\/wp\/v2\/media?parent=1505"}],"wp:term":[{"taxonomy":"product_brand","embeddable":true,"href":"https:\/\/turanciaer.com\/en\/wp-json\/wp\/v2\/product_brand?post=1505"},{"taxonomy":"product_cat","embeddable":true,"href":"https:\/\/turanciaer.com\/en\/wp-json\/wp\/v2\/product_cat?post=1505"},{"taxonomy":"product_tag","embeddable":true,"href":"https:\/\/turanciaer.com\/en\/wp-json\/wp\/v2\/product_tag?post=1505"}],"curies":[{"name":"wp","href":"https:\/\/api.w.org\/{rel}","templated":true}]}}