{"id":1509,"date":"2025-06-26T23:45:32","date_gmt":"2025-06-26T23:45:32","guid":{"rendered":"https:\/\/turanciaer.com\/?post_type=product&#038;p=1509"},"modified":"2025-10-02T07:17:00","modified_gmt":"2025-10-02T07:17:00","slug":"pasta-arabasi-017","status":"publish","type":"product","link":"https:\/\/turanciaer.com\/en\/product\/pasta-arabasi-017\/","title":{"rendered":"Pastry Trolley"},"content":{"rendered":"<ul>\n<li>Extra Durable Hornbeam Trunk<\/li>\n<li>Digital Thermostat Fan Cooling System<\/li>\n<li>3\/8 Hp Compressor R-134 Gas<\/li>\n<li>Automatic Defrost System<\/li>\n<li>Hidden LED Lighting<\/li>\n<li>Plexiglass lid could be used from both sides<\/li>\n<li>Insulated Glass Lower Display Section<\/li>\n<li>Four Movable Wheels, Two with Brakes<\/li>\n<\/ul>\n<p><strong>Dimensions:<\/strong> W: 63 L: 145\u00a0 H: 125 cm<\/p>","protected":false},"excerpt":{"rendered":"<p>Ekstra Dayan\u0131kl\u0131 G\u00fcrgen G\u00f6vde Digital Termostatl\u0131 Fanl\u0131 So\u011futma Sistemi 3\/8 Hp Kompres\u00f6r R-134 Gaz Otomatik Defrost Sistemi Gizli Led Ayd\u0131nlatma<\/p>","protected":false},"featured_media":1506,"template":"","meta":[],"product_brand":[],"product_cat":[190],"product_tag":[],"class_list":{"0":"post-1509","1":"product","2":"type-product","3":"status-publish","4":"has-post-thumbnail","6":"product_cat-pasta-teshir-servis-arabalari","8":"first","9":"instock","10":"shipping-taxable","11":"product-type-simple"},"_links":{"self":[{"href":"https:\/\/turanciaer.com\/en\/wp-json\/wp\/v2\/product\/1509","targetHints":{"allow":["GET"]}}],"collection":[{"href":"https:\/\/turanciaer.com\/en\/wp-json\/wp\/v2\/product"}],"about":[{"href":"https:\/\/turanciaer.com\/en\/wp-json\/wp\/v2\/types\/product"}],"version-history":[{"count":1,"href":"https:\/\/turanciaer.com\/en\/wp-json\/wp\/v2\/product\/1509\/revisions"}],"predecessor-version":[{"id":1510,"href":"https:\/\/turanciaer.com\/en\/wp-json\/wp\/v2\/product\/1509\/revisions\/1510"}],"wp:featuredmedia":[{"embeddable":true,"href":"https:\/\/turanciaer.com\/en\/wp-json\/wp\/v2\/media\/1506"}],"wp:attachment":[{"href":"https:\/\/turanciaer.com\/en\/wp-json\/wp\/v2\/media?parent=1509"}],"wp:term":[{"taxonomy":"product_brand","embeddable":true,"href":"https:\/\/turanciaer.com\/en\/wp-json\/wp\/v2\/product_brand?post=1509"},{"taxonomy":"product_cat","embeddable":true,"href":"https:\/\/turanciaer.com\/en\/wp-json\/wp\/v2\/product_cat?post=1509"},{"taxonomy":"product_tag","embeddable":true,"href":"https:\/\/turanciaer.com\/en\/wp-json\/wp\/v2\/product_tag?post=1509"}],"curies":[{"name":"wp","href":"https:\/\/api.w.org\/{rel}","templated":true}]}}