{"id":1511,"date":"2025-09-22T00:42:12","date_gmt":"2025-09-22T00:42:12","guid":{"rendered":"https:\/\/turanciaer.com\/?post_type=product&#038;p=1511"},"modified":"2026-02-23T19:13:13","modified_gmt":"2026-02-23T19:13:13","slug":"servis-arabasi","status":"publish","type":"product","link":"https:\/\/turanciaer.com\/en\/product\/servis-arabasi\/","title":{"rendered":"Service Trolley"},"content":{"rendered":"<ul>\n<li>AISI 304 Stainless steel body<\/li>\n<li>AISI 304 Quality Stainless Steel Profile Skeleton<\/li>\n<li>Shiny Rose PVD Coating<\/li>\n<li>Four Movable Wheels, Two with Brakes<\/li>\n<\/ul>\n<p><strong>Dimensions:<\/strong> W: 50 L: 102\u00a0 H: 87 cm<\/p>","protected":false},"excerpt":{"rendered":"<p>AISI 304 Kalite Paslanmaz \u00c7elik G\u00f6vde AISI 304 Kalite Paslanmaz \u00c7elik Profil \u0130skelet Parlak Rose PVD Kaplama I\u0307kisi Frenli, Do\u0308rt<\/p>","protected":false},"featured_media":1513,"template":"","meta":[],"product_brand":[],"product_cat":[174],"product_tag":[],"class_list":{"0":"post-1511","1":"product","2":"type-product","3":"status-publish","4":"has-post-thumbnail","6":"product_cat-servis-arabalari","8":"first","9":"instock","10":"shipping-taxable","11":"product-type-simple"},"_links":{"self":[{"href":"https:\/\/turanciaer.com\/en\/wp-json\/wp\/v2\/product\/1511","targetHints":{"allow":["GET"]}}],"collection":[{"href":"https:\/\/turanciaer.com\/en\/wp-json\/wp\/v2\/product"}],"about":[{"href":"https:\/\/turanciaer.com\/en\/wp-json\/wp\/v2\/types\/product"}],"version-history":[{"count":1,"href":"https:\/\/turanciaer.com\/en\/wp-json\/wp\/v2\/product\/1511\/revisions"}],"predecessor-version":[{"id":1514,"href":"https:\/\/turanciaer.com\/en\/wp-json\/wp\/v2\/product\/1511\/revisions\/1514"}],"wp:featuredmedia":[{"embeddable":true,"href":"https:\/\/turanciaer.com\/en\/wp-json\/wp\/v2\/media\/1513"}],"wp:attachment":[{"href":"https:\/\/turanciaer.com\/en\/wp-json\/wp\/v2\/media?parent=1511"}],"wp:term":[{"taxonomy":"product_brand","embeddable":true,"href":"https:\/\/turanciaer.com\/en\/wp-json\/wp\/v2\/product_brand?post=1511"},{"taxonomy":"product_cat","embeddable":true,"href":"https:\/\/turanciaer.com\/en\/wp-json\/wp\/v2\/product_cat?post=1511"},{"taxonomy":"product_tag","embeddable":true,"href":"https:\/\/turanciaer.com\/en\/wp-json\/wp\/v2\/product_tag?post=1511"}],"curies":[{"name":"wp","href":"https:\/\/api.w.org\/{rel}","templated":true}]}}