{"id":1523,"date":"2025-09-15T00:26:24","date_gmt":"2025-09-15T00:26:24","guid":{"rendered":"https:\/\/turanciaer.com\/?post_type=product&#038;p=1523"},"modified":"2025-10-02T06:03:32","modified_gmt":"2025-10-02T06:03:32","slug":"servis-arabasi-022","status":"publish","type":"product","link":"https:\/\/turanciaer.com\/en\/product\/servis-arabasi-022\/","title":{"rendered":"Service Trolley"},"content":{"rendered":"<ul>\n<li>Wooden Body<\/li>\n<li>Arms, side moldings and turned legs are made of hornbeam wood.<\/li>\n<li>6 Compartment Service Drawer<\/li>\n<li>Four Movable Wheels, Two with Brakes<\/li>\n<\/ul>\n<p><strong>Dimensions:<\/strong> W: 48 L: 85\u00a0 H: 85 cm<\/p>","protected":false},"excerpt":{"rendered":"<p>Ah\u015fap G\u00f6vde Kollar, Kenar \u00c7\u0131talar, Torna Bacaklar G\u00fcrgen A\u011fac\u0131ndan Yap\u0131lmaktad\u0131r. 6 B\u00f6lmeli Servis \u00c7ekmecesi I\u0307kisi Frenli, Do\u0308rt Adet Hareketli Tekerlek<\/p>","protected":false},"featured_media":1525,"template":"","meta":[],"product_brand":[],"product_cat":[174],"product_tag":[],"class_list":{"0":"post-1523","1":"product","2":"type-product","3":"status-publish","4":"has-post-thumbnail","6":"product_cat-servis-arabalari","8":"first","9":"instock","10":"shipping-taxable","11":"product-type-simple"},"_links":{"self":[{"href":"https:\/\/turanciaer.com\/en\/wp-json\/wp\/v2\/product\/1523","targetHints":{"allow":["GET"]}}],"collection":[{"href":"https:\/\/turanciaer.com\/en\/wp-json\/wp\/v2\/product"}],"about":[{"href":"https:\/\/turanciaer.com\/en\/wp-json\/wp\/v2\/types\/product"}],"version-history":[{"count":1,"href":"https:\/\/turanciaer.com\/en\/wp-json\/wp\/v2\/product\/1523\/revisions"}],"predecessor-version":[{"id":1526,"href":"https:\/\/turanciaer.com\/en\/wp-json\/wp\/v2\/product\/1523\/revisions\/1526"}],"wp:featuredmedia":[{"embeddable":true,"href":"https:\/\/turanciaer.com\/en\/wp-json\/wp\/v2\/media\/1525"}],"wp:attachment":[{"href":"https:\/\/turanciaer.com\/en\/wp-json\/wp\/v2\/media?parent=1523"}],"wp:term":[{"taxonomy":"product_brand","embeddable":true,"href":"https:\/\/turanciaer.com\/en\/wp-json\/wp\/v2\/product_brand?post=1523"},{"taxonomy":"product_cat","embeddable":true,"href":"https:\/\/turanciaer.com\/en\/wp-json\/wp\/v2\/product_cat?post=1523"},{"taxonomy":"product_tag","embeddable":true,"href":"https:\/\/turanciaer.com\/en\/wp-json\/wp\/v2\/product_tag?post=1523"}],"curies":[{"name":"wp","href":"https:\/\/api.w.org\/{rel}","templated":true}]}}