{"id":1527,"date":"2025-09-15T00:28:19","date_gmt":"2025-09-15T00:28:19","guid":{"rendered":"https:\/\/turanciaer.com\/?post_type=product&#038;p=1527"},"modified":"2025-10-02T06:03:21","modified_gmt":"2025-10-02T06:03:21","slug":"servis-arabasi-023","status":"publish","type":"product","link":"https:\/\/turanciaer.com\/en\/product\/servis-arabasi-023\/","title":{"rendered":"Service Trolley"},"content":{"rendered":"<ul>\n<li>Wooden Body<\/li>\n<li>Arms, side moldings and turned legs are made of hornbeam wood.<\/li>\n<li>8 AISI 304 Stainless Steel Bracelets<\/li>\n<li>6 Compartment Service Drawer<\/li>\n<li>Four Movable Wheels, Two with Brakes<\/li>\n<\/ul>\n<p><strong>Dimensions:<\/strong> W: 48 L: 85\u00a0 H: 85 cm<\/p>","protected":false},"excerpt":{"rendered":"<p>Ah\u015fap G\u00f6vde Kollar, Kenar \u00c7\u0131talar, Torna Bacaklar G\u00fcrgen A\u011fac\u0131ndan Yap\u0131lmaktad\u0131r. 8 Adet AISI 304 Paslanmaz Bilezik 6 B\u00f6lmeli Servis \u00c7ekmecesi<\/p>","protected":false},"featured_media":1528,"template":"","meta":[],"product_brand":[],"product_cat":[174],"product_tag":[],"class_list":{"0":"post-1527","1":"product","2":"type-product","3":"status-publish","4":"has-post-thumbnail","6":"product_cat-servis-arabalari","8":"first","9":"instock","10":"featured","11":"shipping-taxable","12":"product-type-simple"},"_links":{"self":[{"href":"https:\/\/turanciaer.com\/en\/wp-json\/wp\/v2\/product\/1527","targetHints":{"allow":["GET"]}}],"collection":[{"href":"https:\/\/turanciaer.com\/en\/wp-json\/wp\/v2\/product"}],"about":[{"href":"https:\/\/turanciaer.com\/en\/wp-json\/wp\/v2\/types\/product"}],"version-history":[{"count":1,"href":"https:\/\/turanciaer.com\/en\/wp-json\/wp\/v2\/product\/1527\/revisions"}],"predecessor-version":[{"id":1529,"href":"https:\/\/turanciaer.com\/en\/wp-json\/wp\/v2\/product\/1527\/revisions\/1529"}],"wp:featuredmedia":[{"embeddable":true,"href":"https:\/\/turanciaer.com\/en\/wp-json\/wp\/v2\/media\/1528"}],"wp:attachment":[{"href":"https:\/\/turanciaer.com\/en\/wp-json\/wp\/v2\/media?parent=1527"}],"wp:term":[{"taxonomy":"product_brand","embeddable":true,"href":"https:\/\/turanciaer.com\/en\/wp-json\/wp\/v2\/product_brand?post=1527"},{"taxonomy":"product_cat","embeddable":true,"href":"https:\/\/turanciaer.com\/en\/wp-json\/wp\/v2\/product_cat?post=1527"},{"taxonomy":"product_tag","embeddable":true,"href":"https:\/\/turanciaer.com\/en\/wp-json\/wp\/v2\/product_tag?post=1527"}],"curies":[{"name":"wp","href":"https:\/\/api.w.org\/{rel}","templated":true}]}}