{"id":1537,"date":"2025-06-26T00:36:30","date_gmt":"2025-06-26T00:36:30","guid":{"rendered":"https:\/\/turanciaer.com\/?post_type=product&#038;p=1537"},"modified":"2025-10-02T07:16:35","modified_gmt":"2025-10-02T07:16:35","slug":"peynir-tatli-arabasi","status":"publish","type":"product","link":"https:\/\/turanciaer.com\/en\/product\/peynir-tatli-arabasi\/","title":{"rendered":"Cheese &amp; Dessert Trolley"},"content":{"rendered":"<ul>\n<li>AISI 304 Quality Stainless Steel Skeleton<\/li>\n<li>Stainless Steel Body<\/li>\n<li><strong>Bright Rose<\/strong> PVD Coating<\/li>\n<li>Plexiglass Rolltop Lid<\/li>\n<li>Coated Top Display Shelf<\/li>\n<li>Four Movable Wheels, Two with Brakes<\/li>\n<\/ul>\n<p><strong>Dimensions:<\/strong> W: 50 L: 102\u00a0 H: 110 cm<\/p>","protected":false},"excerpt":{"rendered":"<p>AISI 304 Kalite Paslanmaz \u00c7elik \u0130skelet Paslanmaz \u00c7elik G\u00f6vde Parlak Rose PVD Kaplama Plexiglass Rolltop Kapak Kaplamal\u0131 \u00dcst Te\u015fhir Raf<\/p>","protected":false},"featured_media":1538,"template":"","meta":[],"product_brand":[],"product_cat":[212],"product_tag":[],"class_list":{"0":"post-1537","1":"product","2":"type-product","3":"status-publish","4":"has-post-thumbnail","6":"product_cat-peynir-tatli-arabalari","8":"first","9":"instock","10":"featured","11":"shipping-taxable","12":"product-type-simple"},"_links":{"self":[{"href":"https:\/\/turanciaer.com\/en\/wp-json\/wp\/v2\/product\/1537","targetHints":{"allow":["GET"]}}],"collection":[{"href":"https:\/\/turanciaer.com\/en\/wp-json\/wp\/v2\/product"}],"about":[{"href":"https:\/\/turanciaer.com\/en\/wp-json\/wp\/v2\/types\/product"}],"version-history":[{"count":1,"href":"https:\/\/turanciaer.com\/en\/wp-json\/wp\/v2\/product\/1537\/revisions"}],"predecessor-version":[{"id":1539,"href":"https:\/\/turanciaer.com\/en\/wp-json\/wp\/v2\/product\/1537\/revisions\/1539"}],"wp:featuredmedia":[{"embeddable":true,"href":"https:\/\/turanciaer.com\/en\/wp-json\/wp\/v2\/media\/1538"}],"wp:attachment":[{"href":"https:\/\/turanciaer.com\/en\/wp-json\/wp\/v2\/media?parent=1537"}],"wp:term":[{"taxonomy":"product_brand","embeddable":true,"href":"https:\/\/turanciaer.com\/en\/wp-json\/wp\/v2\/product_brand?post=1537"},{"taxonomy":"product_cat","embeddable":true,"href":"https:\/\/turanciaer.com\/en\/wp-json\/wp\/v2\/product_cat?post=1537"},{"taxonomy":"product_tag","embeddable":true,"href":"https:\/\/turanciaer.com\/en\/wp-json\/wp\/v2\/product_tag?post=1537"}],"curies":[{"name":"wp","href":"https:\/\/api.w.org\/{rel}","templated":true}]}}