{"id":1540,"date":"2025-06-26T00:39:59","date_gmt":"2025-06-26T00:39:59","guid":{"rendered":"https:\/\/turanciaer.com\/?post_type=product&#038;p=1540"},"modified":"2025-10-02T07:16:24","modified_gmt":"2025-10-02T07:16:24","slug":"peynir-tatli-arabasi-027","status":"publish","type":"product","link":"https:\/\/turanciaer.com\/en\/product\/peynir-tatli-arabasi-027\/","title":{"rendered":"Cheese &amp; Dessert Trolley"},"content":{"rendered":"<ul>\n<li>MDF Lam surface<\/li>\n<li>Arms, side moldings and turned legs are made of hornbeam wood.<\/li>\n<li>Service Drawer<\/li>\n<li>Plexiglass Rolltop Lid<\/li>\n<li>Wooden Top Display Shelf<\/li>\n<li>Four Movable Wheels, Two with Brakes<\/li>\n<\/ul>\n<p><strong>Dimensions:<\/strong> W: 48 L: 100\u00a0 H: 120 cm<\/p>","protected":false},"excerpt":{"rendered":"<p>MDF Lam G\u00f6vde Kollar, Kenar \u00c7\u0131talar, Torna Bacaklar G\u00fcrgen A\u011fac\u0131ndan Yap\u0131lmaktad\u0131r. Servis \u00c7ekmecesi Plexiglass Rolltop Kapak Ah\u015fap \u00dcst Te\u015fhir Raf<\/p>","protected":false},"featured_media":1541,"template":"","meta":[],"product_brand":[],"product_cat":[212],"product_tag":[],"class_list":{"0":"post-1540","1":"product","2":"type-product","3":"status-publish","4":"has-post-thumbnail","6":"product_cat-peynir-tatli-arabalari","8":"first","9":"instock","10":"shipping-taxable","11":"product-type-simple"},"_links":{"self":[{"href":"https:\/\/turanciaer.com\/en\/wp-json\/wp\/v2\/product\/1540","targetHints":{"allow":["GET"]}}],"collection":[{"href":"https:\/\/turanciaer.com\/en\/wp-json\/wp\/v2\/product"}],"about":[{"href":"https:\/\/turanciaer.com\/en\/wp-json\/wp\/v2\/types\/product"}],"version-history":[{"count":1,"href":"https:\/\/turanciaer.com\/en\/wp-json\/wp\/v2\/product\/1540\/revisions"}],"predecessor-version":[{"id":1542,"href":"https:\/\/turanciaer.com\/en\/wp-json\/wp\/v2\/product\/1540\/revisions\/1542"}],"wp:featuredmedia":[{"embeddable":true,"href":"https:\/\/turanciaer.com\/en\/wp-json\/wp\/v2\/media\/1541"}],"wp:attachment":[{"href":"https:\/\/turanciaer.com\/en\/wp-json\/wp\/v2\/media?parent=1540"}],"wp:term":[{"taxonomy":"product_brand","embeddable":true,"href":"https:\/\/turanciaer.com\/en\/wp-json\/wp\/v2\/product_brand?post=1540"},{"taxonomy":"product_cat","embeddable":true,"href":"https:\/\/turanciaer.com\/en\/wp-json\/wp\/v2\/product_cat?post=1540"},{"taxonomy":"product_tag","embeddable":true,"href":"https:\/\/turanciaer.com\/en\/wp-json\/wp\/v2\/product_tag?post=1540"}],"curies":[{"name":"wp","href":"https:\/\/api.w.org\/{rel}","templated":true}]}}