{"id":1543,"date":"2025-06-26T00:42:27","date_gmt":"2025-06-26T00:42:27","guid":{"rendered":"https:\/\/turanciaer.com\/?post_type=product&#038;p=1543"},"modified":"2025-10-02T07:16:17","modified_gmt":"2025-10-02T07:16:17","slug":"peynir-tatli-arabasi-028","status":"publish","type":"product","link":"https:\/\/turanciaer.com\/en\/product\/peynir-tatli-arabasi-028\/","title":{"rendered":"Cheese &amp; Dessert Trolley"},"content":{"rendered":"<ul>\n<li>AISI 304 Quality Stainless Skeleton<\/li>\n<li>Stainless Steel Body<\/li>\n<li>Shiny Gold PVD Coating<\/li>\n<li>Plexiglass Rolltop Lid<\/li>\n<li>Coated Top Display Shelf<\/li>\n<li>Four Movable Wheels, Two with Brakes<\/li>\n<\/ul>\n<p><strong>Dimensions:<\/strong> W: 50 L: 102\u00a0 H: 110 cm<\/p>","protected":false},"excerpt":{"rendered":"<p>AISI 304 Kalite Paslanmaz \u0130skelet Paslanmaz \u00c7elik G\u00f6vde Parlak Gold PVD Kaplama Plexiglass Rolltop Kapak Kaplamal\u0131 \u00dcst Te\u015fhir Raf I\u0307kisi<\/p>","protected":false},"featured_media":1544,"template":"","meta":[],"product_brand":[],"product_cat":[212],"product_tag":[],"class_list":{"0":"post-1543","1":"product","2":"type-product","3":"status-publish","4":"has-post-thumbnail","6":"product_cat-peynir-tatli-arabalari","8":"first","9":"instock","10":"shipping-taxable","11":"product-type-simple"},"_links":{"self":[{"href":"https:\/\/turanciaer.com\/en\/wp-json\/wp\/v2\/product\/1543","targetHints":{"allow":["GET"]}}],"collection":[{"href":"https:\/\/turanciaer.com\/en\/wp-json\/wp\/v2\/product"}],"about":[{"href":"https:\/\/turanciaer.com\/en\/wp-json\/wp\/v2\/types\/product"}],"version-history":[{"count":1,"href":"https:\/\/turanciaer.com\/en\/wp-json\/wp\/v2\/product\/1543\/revisions"}],"predecessor-version":[{"id":1545,"href":"https:\/\/turanciaer.com\/en\/wp-json\/wp\/v2\/product\/1543\/revisions\/1545"}],"wp:featuredmedia":[{"embeddable":true,"href":"https:\/\/turanciaer.com\/en\/wp-json\/wp\/v2\/media\/1544"}],"wp:attachment":[{"href":"https:\/\/turanciaer.com\/en\/wp-json\/wp\/v2\/media?parent=1543"}],"wp:term":[{"taxonomy":"product_brand","embeddable":true,"href":"https:\/\/turanciaer.com\/en\/wp-json\/wp\/v2\/product_brand?post=1543"},{"taxonomy":"product_cat","embeddable":true,"href":"https:\/\/turanciaer.com\/en\/wp-json\/wp\/v2\/product_cat?post=1543"},{"taxonomy":"product_tag","embeddable":true,"href":"https:\/\/turanciaer.com\/en\/wp-json\/wp\/v2\/product_tag?post=1543"}],"curies":[{"name":"wp","href":"https:\/\/api.w.org\/{rel}","templated":true}]}}