{"id":1546,"date":"2025-09-15T00:45:13","date_gmt":"2025-09-15T00:45:13","guid":{"rendered":"https:\/\/turanciaer.com\/?post_type=product&#038;p=1546"},"modified":"2025-10-02T06:02:42","modified_gmt":"2025-10-02T06:02:42","slug":"servis-arabasi-yuvarlak","status":"publish","type":"product","link":"https:\/\/turanciaer.com\/en\/product\/servis-arabasi-yuvarlak\/","title":{"rendered":"Service Trolley"},"content":{"rendered":"<ul>\n<li>Made from hornbeam wood<\/li>\n<li>Stainless Steel Frame<\/li>\n<li>Shiny Gold PVD Coating<\/li>\n<li>Four Movable Wheels, Two with Brakes<\/li>\n<\/ul>\n<p><strong>Dimensions: <\/strong>\u00d8 : 57\u00a0 H: 87 cm<\/p>","protected":false},"excerpt":{"rendered":"<p>G\u00fcrgen Kaplamal\u0131 G\u00f6vde Paslanmaz \u00c7elik \u00c7er\u00e7eve Parlak Gold PVD Kaplama I\u0307kisi Frenli, Do\u0308rt Adet Hareketli Tekerlek \u00d6l\u00e7\u00fcler: \u00d8 : 57\u00a0<\/p>","protected":false},"featured_media":1547,"template":"","meta":[],"product_brand":[],"product_cat":[174],"product_tag":[],"class_list":{"0":"post-1546","1":"product","2":"type-product","3":"status-publish","4":"has-post-thumbnail","6":"product_cat-servis-arabalari","8":"first","9":"instock","10":"shipping-taxable","11":"product-type-simple"},"_links":{"self":[{"href":"https:\/\/turanciaer.com\/en\/wp-json\/wp\/v2\/product\/1546","targetHints":{"allow":["GET"]}}],"collection":[{"href":"https:\/\/turanciaer.com\/en\/wp-json\/wp\/v2\/product"}],"about":[{"href":"https:\/\/turanciaer.com\/en\/wp-json\/wp\/v2\/types\/product"}],"version-history":[{"count":2,"href":"https:\/\/turanciaer.com\/en\/wp-json\/wp\/v2\/product\/1546\/revisions"}],"predecessor-version":[{"id":1818,"href":"https:\/\/turanciaer.com\/en\/wp-json\/wp\/v2\/product\/1546\/revisions\/1818"}],"wp:featuredmedia":[{"embeddable":true,"href":"https:\/\/turanciaer.com\/en\/wp-json\/wp\/v2\/media\/1547"}],"wp:attachment":[{"href":"https:\/\/turanciaer.com\/en\/wp-json\/wp\/v2\/media?parent=1546"}],"wp:term":[{"taxonomy":"product_brand","embeddable":true,"href":"https:\/\/turanciaer.com\/en\/wp-json\/wp\/v2\/product_brand?post=1546"},{"taxonomy":"product_cat","embeddable":true,"href":"https:\/\/turanciaer.com\/en\/wp-json\/wp\/v2\/product_cat?post=1546"},{"taxonomy":"product_tag","embeddable":true,"href":"https:\/\/turanciaer.com\/en\/wp-json\/wp\/v2\/product_tag?post=1546"}],"curies":[{"name":"wp","href":"https:\/\/api.w.org\/{rel}","templated":true}]}}