{"id":1549,"date":"2025-09-22T00:46:39","date_gmt":"2025-09-22T00:46:39","guid":{"rendered":"https:\/\/turanciaer.com\/?post_type=product&#038;p=1549"},"modified":"2025-09-23T13:57:32","modified_gmt":"2025-09-23T13:57:32","slug":"flambe-arabasi","status":"publish","type":"product","link":"https:\/\/turanciaer.com\/en\/product\/flambe-arabasi\/","title":{"rendered":"Flambe Trolley"},"content":{"rendered":"<ul>\n<li>Wooden Body<\/li>\n<li>Arms, side moldings and turned legs are made of hornbeam wood.<\/li>\n<li>Stainless Steel Work Bench<\/li>\n<li>1 Gas Cooktop WOK Burner with LPG<\/li>\n<li>Automatic Ignition<\/li>\n<li>Special system that cut the gas automatically\nwhen the fire die down<\/li>\n<li>Drawr<\/li>\n<li>Sauce Shelf<\/li>\n<li>Four Movable Wheels, Two with Brakes<\/li>\n<\/ul>\n<p><strong>Dimensions:<\/strong> W: 62 L: 106\u00a0 H: 85 cm<\/p>","protected":false},"excerpt":{"rendered":"<p>Ah\u015fap G\u00f6vde Kollar, Kenar \u00c7\u0131talar, Torna Bacaklar G\u00fcrgen A\u011fac\u0131ndan Yap\u0131lmaktad\u0131r. Paslanmaz \u00c7elik \u00dcst Tezgah 1 Adet Tek G\u00f6zl\u00fc Cam Ankastre<\/p>","protected":false},"featured_media":1550,"template":"","meta":[],"product_brand":[],"product_cat":[188],"product_tag":[],"class_list":{"0":"post-1549","1":"product","2":"type-product","3":"status-publish","4":"has-post-thumbnail","6":"product_cat-flambe-arabalari","8":"first","9":"instock","10":"shipping-taxable","11":"product-type-simple"},"_links":{"self":[{"href":"https:\/\/turanciaer.com\/en\/wp-json\/wp\/v2\/product\/1549","targetHints":{"allow":["GET"]}}],"collection":[{"href":"https:\/\/turanciaer.com\/en\/wp-json\/wp\/v2\/product"}],"about":[{"href":"https:\/\/turanciaer.com\/en\/wp-json\/wp\/v2\/types\/product"}],"version-history":[{"count":1,"href":"https:\/\/turanciaer.com\/en\/wp-json\/wp\/v2\/product\/1549\/revisions"}],"predecessor-version":[{"id":1551,"href":"https:\/\/turanciaer.com\/en\/wp-json\/wp\/v2\/product\/1549\/revisions\/1551"}],"wp:featuredmedia":[{"embeddable":true,"href":"https:\/\/turanciaer.com\/en\/wp-json\/wp\/v2\/media\/1550"}],"wp:attachment":[{"href":"https:\/\/turanciaer.com\/en\/wp-json\/wp\/v2\/media?parent=1549"}],"wp:term":[{"taxonomy":"product_brand","embeddable":true,"href":"https:\/\/turanciaer.com\/en\/wp-json\/wp\/v2\/product_brand?post=1549"},{"taxonomy":"product_cat","embeddable":true,"href":"https:\/\/turanciaer.com\/en\/wp-json\/wp\/v2\/product_cat?post=1549"},{"taxonomy":"product_tag","embeddable":true,"href":"https:\/\/turanciaer.com\/en\/wp-json\/wp\/v2\/product_tag?post=1549"}],"curies":[{"name":"wp","href":"https:\/\/api.w.org\/{rel}","templated":true}]}}