{"id":1556,"date":"2025-09-22T00:59:08","date_gmt":"2025-09-22T00:59:08","guid":{"rendered":"https:\/\/turanciaer.com\/?post_type=product&#038;p=1556"},"modified":"2025-09-23T13:54:16","modified_gmt":"2025-09-23T13:54:16","slug":"flambe-arabasi-032","status":"publish","type":"product","link":"https:\/\/turanciaer.com\/en\/product\/flambe-arabasi-032\/","title":{"rendered":"Flambe Trolley"},"content":{"rendered":"<ul>\n<li>Electrostatic powder coated tube structure<\/li>\n<li>Wooden Body<\/li>\n<li>Stainless Steel Work Bench<\/li>\n<li>1 Gas Cooktop WOK Burner with LPG<\/li>\n<li>Automatic Ignition<\/li>\n<li>Special system that cut the gas automatically\nwhen the fire die down<\/li>\n<li>Drawr<\/li>\n<li>Sauce Shelf<\/li>\n<li>Four Movable Wheels, Two with Brakes<\/li>\n<\/ul>\n<p><strong>Dimensions:<\/strong> W: 62 L: 106\u00a0 H: 85 cm<\/p>","protected":false},"excerpt":{"rendered":"<p>Elektrostatik Boyal\u0131 DKP Profil \u0130skelet Ah\u015fap G\u00f6vde Paslanmaz \u00c7elik \u00dcst Tezgah 1 Adet Tek G\u00f6zl\u00fc Cam Ankastre Wok Ocak Otomatik<\/p>","protected":false},"featured_media":1558,"template":"","meta":[],"product_brand":[],"product_cat":[188],"product_tag":[],"class_list":{"0":"post-1556","1":"product","2":"type-product","3":"status-publish","4":"has-post-thumbnail","6":"product_cat-flambe-arabalari","8":"first","9":"instock","10":"shipping-taxable","11":"product-type-simple"},"_links":{"self":[{"href":"https:\/\/turanciaer.com\/en\/wp-json\/wp\/v2\/product\/1556","targetHints":{"allow":["GET"]}}],"collection":[{"href":"https:\/\/turanciaer.com\/en\/wp-json\/wp\/v2\/product"}],"about":[{"href":"https:\/\/turanciaer.com\/en\/wp-json\/wp\/v2\/types\/product"}],"version-history":[{"count":1,"href":"https:\/\/turanciaer.com\/en\/wp-json\/wp\/v2\/product\/1556\/revisions"}],"predecessor-version":[{"id":1559,"href":"https:\/\/turanciaer.com\/en\/wp-json\/wp\/v2\/product\/1556\/revisions\/1559"}],"wp:featuredmedia":[{"embeddable":true,"href":"https:\/\/turanciaer.com\/en\/wp-json\/wp\/v2\/media\/1558"}],"wp:attachment":[{"href":"https:\/\/turanciaer.com\/en\/wp-json\/wp\/v2\/media?parent=1556"}],"wp:term":[{"taxonomy":"product_brand","embeddable":true,"href":"https:\/\/turanciaer.com\/en\/wp-json\/wp\/v2\/product_brand?post=1556"},{"taxonomy":"product_cat","embeddable":true,"href":"https:\/\/turanciaer.com\/en\/wp-json\/wp\/v2\/product_cat?post=1556"},{"taxonomy":"product_tag","embeddable":true,"href":"https:\/\/turanciaer.com\/en\/wp-json\/wp\/v2\/product_tag?post=1556"}],"curies":[{"name":"wp","href":"https:\/\/api.w.org\/{rel}","templated":true}]}}