{"id":1564,"date":"2025-05-27T01:03:20","date_gmt":"2025-05-27T01:03:20","guid":{"rendered":"https:\/\/turanciaer.com\/?post_type=product&#038;p=1564"},"modified":"2025-06-02T18:35:08","modified_gmt":"2025-06-02T18:35:08","slug":"servant","status":"publish","type":"product","link":"https:\/\/turanciaer.com\/en\/product\/servant\/","title":{"rendered":"Waiter Station"},"content":{"rendered":"<ul>\n<li>MDF Lam surface<\/li>\n<li>6 Compartment Drawer<\/li>\n<li>2 Shelves<\/li>\n<li>Cabinet with Lid<\/li>\n<\/ul>\n<p><strong>Dimensions:<\/strong> W: 44 L: 44\u00a0 H: 130 cm<\/p>","protected":false},"excerpt":{"rendered":"<p>MDF Lam G\u00f6vde 6 B\u00f6lmeli \u00c7ekmece 2 Rafl\u0131 Kapakl\u0131 Dolap \u00d6l\u00e7\u00fcler: E: 44 B: 44\u00a0 Y: 130 cm<\/p>","protected":false},"featured_media":1565,"template":"","meta":[],"product_brand":[],"product_cat":[189],"product_tag":[],"class_list":{"0":"post-1564","1":"product","2":"type-product","3":"status-publish","4":"has-post-thumbnail","6":"product_cat-servantlar","8":"first","9":"instock","10":"shipping-taxable","11":"product-type-simple"},"_links":{"self":[{"href":"https:\/\/turanciaer.com\/en\/wp-json\/wp\/v2\/product\/1564","targetHints":{"allow":["GET"]}}],"collection":[{"href":"https:\/\/turanciaer.com\/en\/wp-json\/wp\/v2\/product"}],"about":[{"href":"https:\/\/turanciaer.com\/en\/wp-json\/wp\/v2\/types\/product"}],"version-history":[{"count":1,"href":"https:\/\/turanciaer.com\/en\/wp-json\/wp\/v2\/product\/1564\/revisions"}],"predecessor-version":[{"id":1566,"href":"https:\/\/turanciaer.com\/en\/wp-json\/wp\/v2\/product\/1564\/revisions\/1566"}],"wp:featuredmedia":[{"embeddable":true,"href":"https:\/\/turanciaer.com\/en\/wp-json\/wp\/v2\/media\/1565"}],"wp:attachment":[{"href":"https:\/\/turanciaer.com\/en\/wp-json\/wp\/v2\/media?parent=1564"}],"wp:term":[{"taxonomy":"product_brand","embeddable":true,"href":"https:\/\/turanciaer.com\/en\/wp-json\/wp\/v2\/product_brand?post=1564"},{"taxonomy":"product_cat","embeddable":true,"href":"https:\/\/turanciaer.com\/en\/wp-json\/wp\/v2\/product_cat?post=1564"},{"taxonomy":"product_tag","embeddable":true,"href":"https:\/\/turanciaer.com\/en\/wp-json\/wp\/v2\/product_tag?post=1564"}],"curies":[{"name":"wp","href":"https:\/\/api.w.org\/{rel}","templated":true}]}}