{"id":1567,"date":"2025-09-15T01:04:47","date_gmt":"2025-09-15T01:04:47","guid":{"rendered":"https:\/\/turanciaer.com\/?post_type=product&#038;p=1567"},"modified":"2025-10-02T06:02:33","modified_gmt":"2025-10-02T06:02:33","slug":"bos-toplama-arabasi","status":"publish","type":"product","link":"https:\/\/turanciaer.com\/en\/product\/bos-toplama-arabasi\/","title":{"rendered":"Empty Collecting Trolley"},"content":{"rendered":"<ul>\n<li>MDF Lam surface<\/li>\n<li>3 pcs. shelves<\/li>\n<\/ul>\n<p><strong>Dimensions:<\/strong> W: 44 L: 44\u00a0 H: 130 cm<\/p>","protected":false},"excerpt":{"rendered":"<p>MDF Lam G\u00f6vde 3 B\u00f6lmeli Raf \u00d6l\u00e7\u00fcler: E: 44 B: 44\u00a0 Y: 130 cm<\/p>","protected":false},"featured_media":1568,"template":"","meta":[],"product_brand":[],"product_cat":[174],"product_tag":[],"class_list":{"0":"post-1567","1":"product","2":"type-product","3":"status-publish","4":"has-post-thumbnail","6":"product_cat-servis-arabalari","8":"first","9":"instock","10":"shipping-taxable","11":"product-type-simple"},"_links":{"self":[{"href":"https:\/\/turanciaer.com\/en\/wp-json\/wp\/v2\/product\/1567","targetHints":{"allow":["GET"]}}],"collection":[{"href":"https:\/\/turanciaer.com\/en\/wp-json\/wp\/v2\/product"}],"about":[{"href":"https:\/\/turanciaer.com\/en\/wp-json\/wp\/v2\/types\/product"}],"version-history":[{"count":1,"href":"https:\/\/turanciaer.com\/en\/wp-json\/wp\/v2\/product\/1567\/revisions"}],"predecessor-version":[{"id":1569,"href":"https:\/\/turanciaer.com\/en\/wp-json\/wp\/v2\/product\/1567\/revisions\/1569"}],"wp:featuredmedia":[{"embeddable":true,"href":"https:\/\/turanciaer.com\/en\/wp-json\/wp\/v2\/media\/1568"}],"wp:attachment":[{"href":"https:\/\/turanciaer.com\/en\/wp-json\/wp\/v2\/media?parent=1567"}],"wp:term":[{"taxonomy":"product_brand","embeddable":true,"href":"https:\/\/turanciaer.com\/en\/wp-json\/wp\/v2\/product_brand?post=1567"},{"taxonomy":"product_cat","embeddable":true,"href":"https:\/\/turanciaer.com\/en\/wp-json\/wp\/v2\/product_cat?post=1567"},{"taxonomy":"product_tag","embeddable":true,"href":"https:\/\/turanciaer.com\/en\/wp-json\/wp\/v2\/product_tag?post=1567"}],"curies":[{"name":"wp","href":"https:\/\/api.w.org\/{rel}","templated":true}]}}