{"id":1570,"date":"2025-05-27T01:05:44","date_gmt":"2025-05-27T01:05:44","guid":{"rendered":"https:\/\/turanciaer.com\/?post_type=product&#038;p=1570"},"modified":"2025-06-02T18:34:37","modified_gmt":"2025-06-02T18:34:37","slug":"servant-037","status":"publish","type":"product","link":"https:\/\/turanciaer.com\/en\/product\/servant-037\/","title":{"rendered":"Waiter Station"},"content":{"rendered":"<ul>\n<li>MDF Lam surface<\/li>\n<li>6 Compartments, 2 Drawers<\/li>\n<li>Cabinet with two doors<\/li>\n<\/ul>\n<p><strong>Dimensions:<\/strong> W: 44 L: 84\u00a0 H: 130 cm<\/p>","protected":false},"excerpt":{"rendered":"<p>MDF Lam G\u00f6vde 6 B\u00f6lmeli 2 \u00c7ekmece \u0130ki Kapakl\u0131 Dolap \u00d6l\u00e7\u00fcler: E: 44 B: 84\u00a0 Y: 130 cm<\/p>","protected":false},"featured_media":1572,"template":"","meta":[],"product_brand":[],"product_cat":[189],"product_tag":[],"class_list":{"0":"post-1570","1":"product","2":"type-product","3":"status-publish","4":"has-post-thumbnail","6":"product_cat-servantlar","8":"first","9":"instock","10":"shipping-taxable","11":"product-type-simple"},"_links":{"self":[{"href":"https:\/\/turanciaer.com\/en\/wp-json\/wp\/v2\/product\/1570","targetHints":{"allow":["GET"]}}],"collection":[{"href":"https:\/\/turanciaer.com\/en\/wp-json\/wp\/v2\/product"}],"about":[{"href":"https:\/\/turanciaer.com\/en\/wp-json\/wp\/v2\/types\/product"}],"version-history":[{"count":1,"href":"https:\/\/turanciaer.com\/en\/wp-json\/wp\/v2\/product\/1570\/revisions"}],"predecessor-version":[{"id":1573,"href":"https:\/\/turanciaer.com\/en\/wp-json\/wp\/v2\/product\/1570\/revisions\/1573"}],"wp:featuredmedia":[{"embeddable":true,"href":"https:\/\/turanciaer.com\/en\/wp-json\/wp\/v2\/media\/1572"}],"wp:attachment":[{"href":"https:\/\/turanciaer.com\/en\/wp-json\/wp\/v2\/media?parent=1570"}],"wp:term":[{"taxonomy":"product_brand","embeddable":true,"href":"https:\/\/turanciaer.com\/en\/wp-json\/wp\/v2\/product_brand?post=1570"},{"taxonomy":"product_cat","embeddable":true,"href":"https:\/\/turanciaer.com\/en\/wp-json\/wp\/v2\/product_cat?post=1570"},{"taxonomy":"product_tag","embeddable":true,"href":"https:\/\/turanciaer.com\/en\/wp-json\/wp\/v2\/product_tag?post=1570"}],"curies":[{"name":"wp","href":"https:\/\/api.w.org\/{rel}","templated":true}]}}