{"id":1577,"date":"2025-05-27T01:20:02","date_gmt":"2025-05-27T01:20:02","guid":{"rendered":"https:\/\/turanciaer.com\/?post_type=product&#038;p=1577"},"modified":"2025-06-02T18:34:13","modified_gmt":"2025-06-02T18:34:13","slug":"tepsi-standi","status":"publish","type":"product","link":"https:\/\/turanciaer.com\/en\/product\/tepsi-standi\/","title":{"rendered":"Tray Jack"},"content":{"rendered":"<ul>\n<li>Foldable wooden<\/li>\n<li>Body made from Hornbeam wood<\/li>\n<\/ul>\n<p><strong>Dimensions:<\/strong> W: 40 L: 60 H: 85 cm<\/p>","protected":false},"excerpt":{"rendered":"<p>Katlanabilir G\u00fcrgen Kaplamal\u0131 G\u00f6vde \u00d6l\u00e7\u00fcler: E: 40 B: 60 Y: 85 cm<\/p>","protected":false},"featured_media":1578,"template":"","meta":[],"product_brand":[],"product_cat":[191],"product_tag":[],"class_list":{"0":"post-1577","1":"product","2":"type-product","3":"status-publish","4":"has-post-thumbnail","6":"product_cat-tepsi-tepsi-stantlari","8":"first","9":"instock","10":"shipping-taxable","11":"product-type-simple"},"_links":{"self":[{"href":"https:\/\/turanciaer.com\/en\/wp-json\/wp\/v2\/product\/1577","targetHints":{"allow":["GET"]}}],"collection":[{"href":"https:\/\/turanciaer.com\/en\/wp-json\/wp\/v2\/product"}],"about":[{"href":"https:\/\/turanciaer.com\/en\/wp-json\/wp\/v2\/types\/product"}],"version-history":[{"count":1,"href":"https:\/\/turanciaer.com\/en\/wp-json\/wp\/v2\/product\/1577\/revisions"}],"predecessor-version":[{"id":1579,"href":"https:\/\/turanciaer.com\/en\/wp-json\/wp\/v2\/product\/1577\/revisions\/1579"}],"wp:featuredmedia":[{"embeddable":true,"href":"https:\/\/turanciaer.com\/en\/wp-json\/wp\/v2\/media\/1578"}],"wp:attachment":[{"href":"https:\/\/turanciaer.com\/en\/wp-json\/wp\/v2\/media?parent=1577"}],"wp:term":[{"taxonomy":"product_brand","embeddable":true,"href":"https:\/\/turanciaer.com\/en\/wp-json\/wp\/v2\/product_brand?post=1577"},{"taxonomy":"product_cat","embeddable":true,"href":"https:\/\/turanciaer.com\/en\/wp-json\/wp\/v2\/product_cat?post=1577"},{"taxonomy":"product_tag","embeddable":true,"href":"https:\/\/turanciaer.com\/en\/wp-json\/wp\/v2\/product_tag?post=1577"}],"curies":[{"name":"wp","href":"https:\/\/api.w.org\/{rel}","templated":true}]}}