{"id":1580,"date":"2025-05-27T01:21:44","date_gmt":"2025-05-27T01:21:44","guid":{"rendered":"https:\/\/turanciaer.com\/?post_type=product&#038;p=1580"},"modified":"2025-06-02T18:33:44","modified_gmt":"2025-06-02T18:33:44","slug":"katlanir-valiz-sehpasi","status":"publish","type":"product","link":"https:\/\/turanciaer.com\/en\/product\/katlanir-valiz-sehpasi\/","title":{"rendered":"Luggage Stand"},"content":{"rendered":"<ul>\n<li>Foldable wooden<\/li>\n<li>Body made from Hornbeam wood<\/li>\n<\/ul>\n<p><strong>Dimensions:<\/strong> W: 45 L: 61 H: 54 cm<\/p>","protected":false},"excerpt":{"rendered":"<p>Katlanabilir G\u00fcrgen Kaplamal\u0131 G\u00f6vde \u00d6l\u00e7\u00fcler: E: 45 B: 61 Y: 54 cm<\/p>","protected":false},"featured_media":1581,"template":"","meta":[],"product_brand":[],"product_cat":[211],"product_tag":[],"class_list":{"0":"post-1580","1":"product","2":"type-product","3":"status-publish","4":"has-post-thumbnail","6":"product_cat-valiz-sehpalari","8":"first","9":"instock","10":"shipping-taxable","11":"product-type-simple"},"_links":{"self":[{"href":"https:\/\/turanciaer.com\/en\/wp-json\/wp\/v2\/product\/1580","targetHints":{"allow":["GET"]}}],"collection":[{"href":"https:\/\/turanciaer.com\/en\/wp-json\/wp\/v2\/product"}],"about":[{"href":"https:\/\/turanciaer.com\/en\/wp-json\/wp\/v2\/types\/product"}],"version-history":[{"count":1,"href":"https:\/\/turanciaer.com\/en\/wp-json\/wp\/v2\/product\/1580\/revisions"}],"predecessor-version":[{"id":1582,"href":"https:\/\/turanciaer.com\/en\/wp-json\/wp\/v2\/product\/1580\/revisions\/1582"}],"wp:featuredmedia":[{"embeddable":true,"href":"https:\/\/turanciaer.com\/en\/wp-json\/wp\/v2\/media\/1581"}],"wp:attachment":[{"href":"https:\/\/turanciaer.com\/en\/wp-json\/wp\/v2\/media?parent=1580"}],"wp:term":[{"taxonomy":"product_brand","embeddable":true,"href":"https:\/\/turanciaer.com\/en\/wp-json\/wp\/v2\/product_brand?post=1580"},{"taxonomy":"product_cat","embeddable":true,"href":"https:\/\/turanciaer.com\/en\/wp-json\/wp\/v2\/product_cat?post=1580"},{"taxonomy":"product_tag","embeddable":true,"href":"https:\/\/turanciaer.com\/en\/wp-json\/wp\/v2\/product_tag?post=1580"}],"curies":[{"name":"wp","href":"https:\/\/api.w.org\/{rel}","templated":true}]}}