{"id":1586,"date":"2025-05-27T01:25:17","date_gmt":"2025-05-27T01:25:17","guid":{"rendered":"https:\/\/turanciaer.com\/?post_type=product&#038;p=1586"},"modified":"2025-06-02T18:33:44","modified_gmt":"2025-06-02T18:33:44","slug":"paslanmaz-valiz-sehpasi","status":"publish","type":"product","link":"https:\/\/turanciaer.com\/en\/product\/paslanmaz-valiz-sehpasi\/","title":{"rendered":"Luggage Stand"},"content":{"rendered":"<ul>\n<li>Stainless steel tube<\/li>\n<li>Foldable Structure<\/li>\n<\/ul>\n<p><strong>Dimensions:<\/strong> W: 47 L: 59 H: 61 cm<\/p>","protected":false},"excerpt":{"rendered":"<p>AISI 304 Kalite Paslanmaz Boru Katlanabilir \u0130skelet \u00d6l\u00e7\u00fcler: E: 47 B: 59 Y: 61 cm<\/p>","protected":false},"featured_media":1587,"template":"","meta":[],"product_brand":[],"product_cat":[211],"product_tag":[],"class_list":{"0":"post-1586","1":"product","2":"type-product","3":"status-publish","4":"has-post-thumbnail","6":"product_cat-valiz-sehpalari","8":"first","9":"instock","10":"shipping-taxable","11":"product-type-simple"},"_links":{"self":[{"href":"https:\/\/turanciaer.com\/en\/wp-json\/wp\/v2\/product\/1586","targetHints":{"allow":["GET"]}}],"collection":[{"href":"https:\/\/turanciaer.com\/en\/wp-json\/wp\/v2\/product"}],"about":[{"href":"https:\/\/turanciaer.com\/en\/wp-json\/wp\/v2\/types\/product"}],"version-history":[{"count":1,"href":"https:\/\/turanciaer.com\/en\/wp-json\/wp\/v2\/product\/1586\/revisions"}],"predecessor-version":[{"id":1588,"href":"https:\/\/turanciaer.com\/en\/wp-json\/wp\/v2\/product\/1586\/revisions\/1588"}],"wp:featuredmedia":[{"embeddable":true,"href":"https:\/\/turanciaer.com\/en\/wp-json\/wp\/v2\/media\/1587"}],"wp:attachment":[{"href":"https:\/\/turanciaer.com\/en\/wp-json\/wp\/v2\/media?parent=1586"}],"wp:term":[{"taxonomy":"product_brand","embeddable":true,"href":"https:\/\/turanciaer.com\/en\/wp-json\/wp\/v2\/product_brand?post=1586"},{"taxonomy":"product_cat","embeddable":true,"href":"https:\/\/turanciaer.com\/en\/wp-json\/wp\/v2\/product_cat?post=1586"},{"taxonomy":"product_tag","embeddable":true,"href":"https:\/\/turanciaer.com\/en\/wp-json\/wp\/v2\/product_tag?post=1586"}],"curies":[{"name":"wp","href":"https:\/\/api.w.org\/{rel}","templated":true}]}}