{"id":1704,"date":"2025-05-27T04:17:16","date_gmt":"2025-05-27T04:17:16","guid":{"rendered":"https:\/\/turanciaer.com\/?post_type=product&#038;p=1704"},"modified":"2025-06-02T18:31:45","modified_gmt":"2025-06-02T18:31:45","slug":"soguk-unite","status":"publish","type":"product","link":"https:\/\/turanciaer.com\/en\/product\/soguk-unite\/","title":{"rendered":"Cold Unit"},"content":{"rendered":"<ul>\n<li>Granite counter<\/li>\n<li>MDF Laminated Body<\/li>\n<li>Granite Surface Cooling<\/li>\n<li>220 W 50 HZ, R404 cooling gas<\/li>\n<li>Digital temperature display<\/li>\n<li>Glass sneeze guard<\/li>\n<li>Hidden LED Lighting<\/li>\n<li>20x40 mm powder coated chassis<\/li>\n<li>Stainless steel base<\/li>\n<li>Heavy-duty, hidden wheels<\/li>\n<\/ul>\n<p><strong>Dimensions:<\/strong> W: 70 L: 160 H: 90\/153 cm<\/p>","protected":false},"excerpt":{"rendered":"<p>Granit Tezgah MDF Lam Kaplamal\u0131 G\u00f6vde Granit Y\u00fczey So\u011futma 220 W 50 HZ, So\u011futucu Gaz R 404 Dijital Kontrol Paneli<\/p>","protected":false},"featured_media":1705,"template":"","meta":[],"product_brand":[],"product_cat":[180],"product_tag":[],"class_list":{"0":"post-1704","1":"product","2":"type-product","3":"status-publish","4":"has-post-thumbnail","6":"product_cat-acik-bufe-uniteleri","8":"first","9":"instock","10":"shipping-taxable","11":"product-type-simple"},"_links":{"self":[{"href":"https:\/\/turanciaer.com\/en\/wp-json\/wp\/v2\/product\/1704","targetHints":{"allow":["GET"]}}],"collection":[{"href":"https:\/\/turanciaer.com\/en\/wp-json\/wp\/v2\/product"}],"about":[{"href":"https:\/\/turanciaer.com\/en\/wp-json\/wp\/v2\/types\/product"}],"version-history":[{"count":1,"href":"https:\/\/turanciaer.com\/en\/wp-json\/wp\/v2\/product\/1704\/revisions"}],"predecessor-version":[{"id":1706,"href":"https:\/\/turanciaer.com\/en\/wp-json\/wp\/v2\/product\/1704\/revisions\/1706"}],"wp:featuredmedia":[{"embeddable":true,"href":"https:\/\/turanciaer.com\/en\/wp-json\/wp\/v2\/media\/1705"}],"wp:attachment":[{"href":"https:\/\/turanciaer.com\/en\/wp-json\/wp\/v2\/media?parent=1704"}],"wp:term":[{"taxonomy":"product_brand","embeddable":true,"href":"https:\/\/turanciaer.com\/en\/wp-json\/wp\/v2\/product_brand?post=1704"},{"taxonomy":"product_cat","embeddable":true,"href":"https:\/\/turanciaer.com\/en\/wp-json\/wp\/v2\/product_cat?post=1704"},{"taxonomy":"product_tag","embeddable":true,"href":"https:\/\/turanciaer.com\/en\/wp-json\/wp\/v2\/product_tag?post=1704"}],"curies":[{"name":"wp","href":"https:\/\/api.w.org\/{rel}","templated":true}]}}