{"id":1707,"date":"2025-05-27T04:20:59","date_gmt":"2025-05-27T04:20:59","guid":{"rendered":"https:\/\/turanciaer.com\/?post_type=product&#038;p=1707"},"modified":"2025-06-02T18:31:45","modified_gmt":"2025-06-02T18:31:45","slug":"sicak-unite","status":"publish","type":"product","link":"https:\/\/turanciaer.com\/en\/product\/sicak-unite\/","title":{"rendered":"Hot Unit"},"content":{"rendered":"<ul>\n<li>Granite counter<\/li>\n<li>MDF Laminated Body<\/li>\n<li>2 pes. 1\/1 GN roll-top chafing dish<\/li>\n<li>Glass sneeze guard<\/li>\n<li>Hidden LED Lighting<\/li>\n<li>20x40 mm powder coated chassis<\/li>\n<li>Stainless steel base<\/li>\n<li>Heavy-duty, hidden wheels<\/li>\n<\/ul>\n<p><strong>Dimensions:<\/strong> W: 70 L: 160 H: 90\/153 cm<\/p>","protected":false},"excerpt":{"rendered":"<p>Granit Tezgah MDF Lam Kaplamal\u0131 G\u00f6vde 2 Adet Rezistansl\u0131, 1\/1 GN Chafing Dish Bombe Cam Nefeslik Gizli Led Ayd\u0131nlatma 20&#215;40<\/p>","protected":false},"featured_media":1708,"template":"","meta":[],"product_brand":[],"product_cat":[180],"product_tag":[],"class_list":{"0":"post-1707","1":"product","2":"type-product","3":"status-publish","4":"has-post-thumbnail","6":"product_cat-acik-bufe-uniteleri","8":"first","9":"instock","10":"featured","11":"shipping-taxable","12":"product-type-simple"},"_links":{"self":[{"href":"https:\/\/turanciaer.com\/en\/wp-json\/wp\/v2\/product\/1707","targetHints":{"allow":["GET"]}}],"collection":[{"href":"https:\/\/turanciaer.com\/en\/wp-json\/wp\/v2\/product"}],"about":[{"href":"https:\/\/turanciaer.com\/en\/wp-json\/wp\/v2\/types\/product"}],"version-history":[{"count":1,"href":"https:\/\/turanciaer.com\/en\/wp-json\/wp\/v2\/product\/1707\/revisions"}],"predecessor-version":[{"id":1709,"href":"https:\/\/turanciaer.com\/en\/wp-json\/wp\/v2\/product\/1707\/revisions\/1709"}],"wp:featuredmedia":[{"embeddable":true,"href":"https:\/\/turanciaer.com\/en\/wp-json\/wp\/v2\/media\/1708"}],"wp:attachment":[{"href":"https:\/\/turanciaer.com\/en\/wp-json\/wp\/v2\/media?parent=1707"}],"wp:term":[{"taxonomy":"product_brand","embeddable":true,"href":"https:\/\/turanciaer.com\/en\/wp-json\/wp\/v2\/product_brand?post=1707"},{"taxonomy":"product_cat","embeddable":true,"href":"https:\/\/turanciaer.com\/en\/wp-json\/wp\/v2\/product_cat?post=1707"},{"taxonomy":"product_tag","embeddable":true,"href":"https:\/\/turanciaer.com\/en\/wp-json\/wp\/v2\/product_tag?post=1707"}],"curies":[{"name":"wp","href":"https:\/\/api.w.org\/{rel}","templated":true}]}}