{"id":1710,"date":"2025-05-27T04:23:05","date_gmt":"2025-05-27T04:23:05","guid":{"rendered":"https:\/\/turanciaer.com\/?post_type=product&#038;p=1710"},"modified":"2025-06-02T18:31:45","modified_gmt":"2025-06-02T18:31:45","slug":"notr-unite","status":"publish","type":"product","link":"https:\/\/turanciaer.com\/en\/product\/notr-unite\/","title":{"rendered":"Notr Unit"},"content":{"rendered":"<ul>\n<li>Granite counter<\/li>\n<li>MDF Laminated Body<\/li>\n<li>20x40 mm powder coated chassis<\/li>\n<li>Stainless steel base<\/li>\n<li>Heavy-duty, hidden wheels<\/li>\n<\/ul>\n<p><strong>Dimensions:<\/strong> W: 70 L: 160 H: 90 cm<\/p>","protected":false},"excerpt":{"rendered":"<p>Granit Tezgah MDF Lam Kaplamal\u0131 G\u00f6vde 20&#215;40 mm Elektrostatik Boyal\u0131 \u015ease Paslanmaz Baza Gizli A\u011f\u0131r Y\u00fck Tipi Tekerlek \u00d6l\u00e7\u00fcler: E:<\/p>","protected":false},"featured_media":1711,"template":"","meta":[],"product_brand":[],"product_cat":[180],"product_tag":[],"class_list":{"0":"post-1710","1":"product","2":"type-product","3":"status-publish","4":"has-post-thumbnail","6":"product_cat-acik-bufe-uniteleri","8":"first","9":"instock","10":"shipping-taxable","11":"product-type-simple"},"_links":{"self":[{"href":"https:\/\/turanciaer.com\/en\/wp-json\/wp\/v2\/product\/1710","targetHints":{"allow":["GET"]}}],"collection":[{"href":"https:\/\/turanciaer.com\/en\/wp-json\/wp\/v2\/product"}],"about":[{"href":"https:\/\/turanciaer.com\/en\/wp-json\/wp\/v2\/types\/product"}],"version-history":[{"count":2,"href":"https:\/\/turanciaer.com\/en\/wp-json\/wp\/v2\/product\/1710\/revisions"}],"predecessor-version":[{"id":1716,"href":"https:\/\/turanciaer.com\/en\/wp-json\/wp\/v2\/product\/1710\/revisions\/1716"}],"wp:featuredmedia":[{"embeddable":true,"href":"https:\/\/turanciaer.com\/en\/wp-json\/wp\/v2\/media\/1711"}],"wp:attachment":[{"href":"https:\/\/turanciaer.com\/en\/wp-json\/wp\/v2\/media?parent=1710"}],"wp:term":[{"taxonomy":"product_brand","embeddable":true,"href":"https:\/\/turanciaer.com\/en\/wp-json\/wp\/v2\/product_brand?post=1710"},{"taxonomy":"product_cat","embeddable":true,"href":"https:\/\/turanciaer.com\/en\/wp-json\/wp\/v2\/product_cat?post=1710"},{"taxonomy":"product_tag","embeddable":true,"href":"https:\/\/turanciaer.com\/en\/wp-json\/wp\/v2\/product_tag?post=1710"}],"curies":[{"name":"wp","href":"https:\/\/api.w.org\/{rel}","templated":true}]}}