{"id":1713,"date":"2025-05-27T04:25:16","date_gmt":"2025-05-27T04:25:16","guid":{"rendered":"https:\/\/turanciaer.com\/?post_type=product&#038;p=1713"},"modified":"2025-06-02T18:31:44","modified_gmt":"2025-06-02T18:31:44","slug":"tabak-unitesi","status":"publish","type":"product","link":"https:\/\/turanciaer.com\/en\/product\/tabak-unitesi\/","title":{"rendered":"Plate Unit"},"content":{"rendered":"<ul>\n<li>Granite counter<\/li>\n<li>MDF Laminated Body<\/li>\n<li>Neutral Plate Cartridge Suitable for \u00d8 24-32 cm Plates<\/li>\n<li>20x40 mm powder coated chassis<\/li>\n<li>Stainless steel base<\/li>\n<li>Heavy-duty, hidden wheels<\/li>\n<\/ul>\n<p><strong>Dimensions:<\/strong> W: 70 L: 70 H: 90 cm<\/p>","protected":false},"excerpt":{"rendered":"<p>Granit Tezgah MDF Lam Kaplamal\u0131 G\u00f6vde \u00d8 24-32 cm Taba\u011fa Uygun N\u00f6tr Tabak Kartu\u015fu 20&#215;40 mm Elektrostatik Boyal\u0131 \u015ease Paslanmaz<\/p>","protected":false},"featured_media":1714,"template":"","meta":[],"product_brand":[],"product_cat":[180],"product_tag":[],"class_list":{"0":"post-1713","1":"product","2":"type-product","3":"status-publish","4":"has-post-thumbnail","6":"product_cat-acik-bufe-uniteleri","8":"first","9":"instock","10":"shipping-taxable","11":"product-type-simple"},"_links":{"self":[{"href":"https:\/\/turanciaer.com\/en\/wp-json\/wp\/v2\/product\/1713","targetHints":{"allow":["GET"]}}],"collection":[{"href":"https:\/\/turanciaer.com\/en\/wp-json\/wp\/v2\/product"}],"about":[{"href":"https:\/\/turanciaer.com\/en\/wp-json\/wp\/v2\/types\/product"}],"version-history":[{"count":1,"href":"https:\/\/turanciaer.com\/en\/wp-json\/wp\/v2\/product\/1713\/revisions"}],"predecessor-version":[{"id":1715,"href":"https:\/\/turanciaer.com\/en\/wp-json\/wp\/v2\/product\/1713\/revisions\/1715"}],"wp:featuredmedia":[{"embeddable":true,"href":"https:\/\/turanciaer.com\/en\/wp-json\/wp\/v2\/media\/1714"}],"wp:attachment":[{"href":"https:\/\/turanciaer.com\/en\/wp-json\/wp\/v2\/media?parent=1713"}],"wp:term":[{"taxonomy":"product_brand","embeddable":true,"href":"https:\/\/turanciaer.com\/en\/wp-json\/wp\/v2\/product_brand?post=1713"},{"taxonomy":"product_cat","embeddable":true,"href":"https:\/\/turanciaer.com\/en\/wp-json\/wp\/v2\/product_cat?post=1713"},{"taxonomy":"product_tag","embeddable":true,"href":"https:\/\/turanciaer.com\/en\/wp-json\/wp\/v2\/product_tag?post=1713"}],"curies":[{"name":"wp","href":"https:\/\/api.w.org\/{rel}","templated":true}]}}