{"id":1717,"date":"2025-05-27T04:28:14","date_gmt":"2025-05-27T04:28:14","guid":{"rendered":"https:\/\/turanciaer.com\/?post_type=product&#038;p=1717"},"modified":"2025-06-02T18:31:13","modified_gmt":"2025-06-02T18:31:13","slug":"icecek-unitesi","status":"publish","type":"product","link":"https:\/\/turanciaer.com\/en\/product\/icecek-unitesi\/","title":{"rendered":"Beverage Unit"},"content":{"rendered":"<ul>\n<li>Granite counter<\/li>\n<li>MDF Laminated Body<\/li>\n<li>Cabinet with three doors<\/li>\n<li>20x40 mm powder coated chassis<\/li>\n<li>Stainless steel base<\/li>\n<li>Heavy-duty, hidden wheels<\/li>\n<\/ul>\n<p><strong>Dimensions:<\/strong> W: 70 L: 160 H: 90 cm<\/p>","protected":false},"excerpt":{"rendered":"<p>Granit Tezgah MDF Lam Kaplamal\u0131 G\u00f6vde 3 Kapakl\u0131 Dolap 20&#215;40 mm Elektrostatik Boyal\u0131 \u015ease Paslanmaz Baza Gizli A\u011f\u0131r Y\u00fck Tipi<\/p>","protected":false},"featured_media":1718,"template":"","meta":[],"product_brand":[],"product_cat":[180],"product_tag":[],"class_list":{"0":"post-1717","1":"product","2":"type-product","3":"status-publish","4":"has-post-thumbnail","6":"product_cat-acik-bufe-uniteleri","8":"first","9":"instock","10":"shipping-taxable","11":"product-type-simple"},"_links":{"self":[{"href":"https:\/\/turanciaer.com\/en\/wp-json\/wp\/v2\/product\/1717","targetHints":{"allow":["GET"]}}],"collection":[{"href":"https:\/\/turanciaer.com\/en\/wp-json\/wp\/v2\/product"}],"about":[{"href":"https:\/\/turanciaer.com\/en\/wp-json\/wp\/v2\/types\/product"}],"version-history":[{"count":1,"href":"https:\/\/turanciaer.com\/en\/wp-json\/wp\/v2\/product\/1717\/revisions"}],"predecessor-version":[{"id":1719,"href":"https:\/\/turanciaer.com\/en\/wp-json\/wp\/v2\/product\/1717\/revisions\/1719"}],"wp:featuredmedia":[{"embeddable":true,"href":"https:\/\/turanciaer.com\/en\/wp-json\/wp\/v2\/media\/1718"}],"wp:attachment":[{"href":"https:\/\/turanciaer.com\/en\/wp-json\/wp\/v2\/media?parent=1717"}],"wp:term":[{"taxonomy":"product_brand","embeddable":true,"href":"https:\/\/turanciaer.com\/en\/wp-json\/wp\/v2\/product_brand?post=1717"},{"taxonomy":"product_cat","embeddable":true,"href":"https:\/\/turanciaer.com\/en\/wp-json\/wp\/v2\/product_cat?post=1717"},{"taxonomy":"product_tag","embeddable":true,"href":"https:\/\/turanciaer.com\/en\/wp-json\/wp\/v2\/product_tag?post=1717"}],"curies":[{"name":"wp","href":"https:\/\/api.w.org\/{rel}","templated":true}]}}