{"id":1720,"date":"2025-05-27T04:37:09","date_gmt":"2025-05-27T04:37:09","guid":{"rendered":"https:\/\/turanciaer.com\/?post_type=product&#038;p=1720"},"modified":"2025-06-02T18:49:36","modified_gmt":"2025-06-02T18:49:36","slug":"banket-masa","status":"publish","type":"product","link":"https:\/\/turanciaer.com\/en\/product\/banket-masa\/","title":{"rendered":"Banquet Table"},"content":{"rendered":"<ul>\n<li>Practical and strong double lock mechanism<\/li>\n<li>Aluminum, PVC, or Rubber Edge Protection<\/li>\n<li>Structure all metal framed<\/li>\n<li>Practical Foldable Leg<\/li>\n<li>Adjustable levelers increase stability on uneven floors<\/li>\n<li>The preventer rubber protects the surface of the top<\/li>\n<\/ul>\n<p><strong>Dimensions:<\/strong><\/p>\n<p>\u00d8: 120cm ( for 4 people)<br \/>\n\u00d8: 140cm ( for 6 people)<br \/>\n\u00d8: 160cm ( for 8 people)<br \/>\n\u00d8: 180cm ( for 10 people)<\/p>","protected":false},"excerpt":{"rendered":"<p>Dayan\u0131kl\u0131 \u00c7ift Kilit Mekanizmas\u0131 Al\u00fcminyum, PVC veya T Kanal\u0131 Kau\u00e7uk Kenar Koruma Ah\u015fap Tablay\u0131 Destekleyen Profil \u00c7er\u00e7eve Pratik Katlan\u0131r Ayak<\/p>","protected":false},"featured_media":1721,"template":"","meta":[],"product_brand":[],"product_cat":[178,199],"product_tag":[],"class_list":{"0":"post-1720","1":"product","2":"type-product","3":"status-publish","4":"has-post-thumbnail","6":"product_cat-banket-toplanti-ekipmanlari","7":"product_cat-banket-masalari","9":"first","10":"instock","11":"shipping-taxable","12":"product-type-simple"},"_links":{"self":[{"href":"https:\/\/turanciaer.com\/en\/wp-json\/wp\/v2\/product\/1720","targetHints":{"allow":["GET"]}}],"collection":[{"href":"https:\/\/turanciaer.com\/en\/wp-json\/wp\/v2\/product"}],"about":[{"href":"https:\/\/turanciaer.com\/en\/wp-json\/wp\/v2\/types\/product"}],"version-history":[{"count":1,"href":"https:\/\/turanciaer.com\/en\/wp-json\/wp\/v2\/product\/1720\/revisions"}],"predecessor-version":[{"id":1724,"href":"https:\/\/turanciaer.com\/en\/wp-json\/wp\/v2\/product\/1720\/revisions\/1724"}],"wp:featuredmedia":[{"embeddable":true,"href":"https:\/\/turanciaer.com\/en\/wp-json\/wp\/v2\/media\/1721"}],"wp:attachment":[{"href":"https:\/\/turanciaer.com\/en\/wp-json\/wp\/v2\/media?parent=1720"}],"wp:term":[{"taxonomy":"product_brand","embeddable":true,"href":"https:\/\/turanciaer.com\/en\/wp-json\/wp\/v2\/product_brand?post=1720"},{"taxonomy":"product_cat","embeddable":true,"href":"https:\/\/turanciaer.com\/en\/wp-json\/wp\/v2\/product_cat?post=1720"},{"taxonomy":"product_tag","embeddable":true,"href":"https:\/\/turanciaer.com\/en\/wp-json\/wp\/v2\/product_tag?post=1720"}],"curies":[{"name":"wp","href":"https:\/\/api.w.org\/{rel}","templated":true}]}}