{"id":1725,"date":"2025-05-27T04:41:15","date_gmt":"2025-05-27T04:41:15","guid":{"rendered":"https:\/\/turanciaer.com\/?post_type=product&#038;p=1725"},"modified":"2025-08-25T11:50:54","modified_gmt":"2025-08-25T11:50:54","slug":"masa","status":"publish","type":"product","link":"https:\/\/turanciaer.com\/en\/product\/masa\/","title":{"rendered":"Rectangle Banquet Table"},"content":{"rendered":"<ul>\n<li>18 mm MDF Laminate Table<\/li>\n<li>2 mm PVC Edge or Rubber Edge Protection<\/li>\n<li>Electrostatic powder-coated tube foldable legs<\/li>\n<li>Practical and strong lock mechanisms<\/li>\n<li>Adjustment screws for rough ground<\/li>\n<li>Plastic Connection Device Protecting the Tray During Stacking<\/li>\n<li>Aluminum, PVC, or Rubber Edge Protection<\/li>\n<li>Practical and strong double lock mechanism<\/li>\n<li>Structure all metal framed<\/li>\n<li>Adjustable levelers increase stability on uneven floors<\/li>\n<li>The preventer rubber protects the surface of the top<\/li>\n<li>Round and Rectangular Banquet Table Edge Options<\/li>\n<\/ul>\n<p><strong>Dimensions:<\/strong><\/p>\n<ul>\n<li>80x120cm<\/li>\n<li>80x140cm<\/li>\n<li>80x160cm<\/li>\n<li>80x180cm<\/li>\n<li>45 x120 cm<\/li>\n<li>45 x140 cm<\/li>\n<li>45 x160 cm<\/li>\n<li>45 x180 cm<\/li>\n<\/ul>","protected":false},"excerpt":{"rendered":"<p>18 mm MDF Lam Tabla 2 mm PVC Kenar veya Kau\u00e7uk Kenar Koruma Elektrostatik Boyal\u0131 Katlan\u0131r Ayak Dayan\u0131kl\u0131 \u00d6zel Kilit<\/p>","protected":false},"featured_media":2166,"template":"","meta":[],"product_brand":[],"product_cat":[178,201],"product_tag":[],"class_list":{"0":"post-1725","1":"product","2":"type-product","3":"status-publish","4":"has-post-thumbnail","6":"product_cat-banket-toplanti-ekipmanlari","7":"product_cat-toplanti-masalari","9":"first","10":"instock","11":"shipping-taxable","12":"product-type-simple"},"_links":{"self":[{"href":"https:\/\/turanciaer.com\/en\/wp-json\/wp\/v2\/product\/1725","targetHints":{"allow":["GET"]}}],"collection":[{"href":"https:\/\/turanciaer.com\/en\/wp-json\/wp\/v2\/product"}],"about":[{"href":"https:\/\/turanciaer.com\/en\/wp-json\/wp\/v2\/types\/product"}],"version-history":[{"count":4,"href":"https:\/\/turanciaer.com\/en\/wp-json\/wp\/v2\/product\/1725\/revisions"}],"predecessor-version":[{"id":2165,"href":"https:\/\/turanciaer.com\/en\/wp-json\/wp\/v2\/product\/1725\/revisions\/2165"}],"wp:featuredmedia":[{"embeddable":true,"href":"https:\/\/turanciaer.com\/en\/wp-json\/wp\/v2\/media\/2166"}],"wp:attachment":[{"href":"https:\/\/turanciaer.com\/en\/wp-json\/wp\/v2\/media?parent=1725"}],"wp:term":[{"taxonomy":"product_brand","embeddable":true,"href":"https:\/\/turanciaer.com\/en\/wp-json\/wp\/v2\/product_brand?post=1725"},{"taxonomy":"product_cat","embeddable":true,"href":"https:\/\/turanciaer.com\/en\/wp-json\/wp\/v2\/product_cat?post=1725"},{"taxonomy":"product_tag","embeddable":true,"href":"https:\/\/turanciaer.com\/en\/wp-json\/wp\/v2\/product_tag?post=1725"}],"curies":[{"name":"wp","href":"https:\/\/api.w.org\/{rel}","templated":true}]}}