{"id":1728,"date":"2025-05-27T04:48:43","date_gmt":"2025-05-27T04:48:43","guid":{"rendered":"https:\/\/turanciaer.com\/?post_type=product&#038;p=1728"},"modified":"2025-06-02T18:50:41","modified_gmt":"2025-06-02T18:50:41","slug":"kursu","status":"publish","type":"product","link":"https:\/\/turanciaer.com\/en\/product\/kursu\/","title":{"rendered":"Lectern"},"content":{"rendered":"<ul>\n<li>MDF Lam surface<\/li>\n<\/ul>\n<p><strong>Dimensions:<\/strong> W: 68 L: 63 H: 122cm<\/p>","protected":false},"excerpt":{"rendered":"<p>MDF Lam G\u00f6vde \u00d6l\u00e7\u00fcler: E: 68 B: 63 Y: 122cm<\/p>","protected":false},"featured_media":1729,"template":"","meta":[],"product_brand":[],"product_cat":[178,203],"product_tag":[],"class_list":{"0":"post-1728","1":"product","2":"type-product","3":"status-publish","4":"has-post-thumbnail","6":"product_cat-banket-toplanti-ekipmanlari","7":"product_cat-kursuler","9":"first","10":"instock","11":"shipping-taxable","12":"product-type-simple"},"_links":{"self":[{"href":"https:\/\/turanciaer.com\/en\/wp-json\/wp\/v2\/product\/1728","targetHints":{"allow":["GET"]}}],"collection":[{"href":"https:\/\/turanciaer.com\/en\/wp-json\/wp\/v2\/product"}],"about":[{"href":"https:\/\/turanciaer.com\/en\/wp-json\/wp\/v2\/types\/product"}],"version-history":[{"count":1,"href":"https:\/\/turanciaer.com\/en\/wp-json\/wp\/v2\/product\/1728\/revisions"}],"predecessor-version":[{"id":1730,"href":"https:\/\/turanciaer.com\/en\/wp-json\/wp\/v2\/product\/1728\/revisions\/1730"}],"wp:featuredmedia":[{"embeddable":true,"href":"https:\/\/turanciaer.com\/en\/wp-json\/wp\/v2\/media\/1729"}],"wp:attachment":[{"href":"https:\/\/turanciaer.com\/en\/wp-json\/wp\/v2\/media?parent=1728"}],"wp:term":[{"taxonomy":"product_brand","embeddable":true,"href":"https:\/\/turanciaer.com\/en\/wp-json\/wp\/v2\/product_brand?post=1728"},{"taxonomy":"product_cat","embeddable":true,"href":"https:\/\/turanciaer.com\/en\/wp-json\/wp\/v2\/product_cat?post=1728"},{"taxonomy":"product_tag","embeddable":true,"href":"https:\/\/turanciaer.com\/en\/wp-json\/wp\/v2\/product_tag?post=1728"}],"curies":[{"name":"wp","href":"https:\/\/api.w.org\/{rel}","templated":true}]}}