{"id":1742,"date":"2025-05-27T05:03:36","date_gmt":"2025-05-27T05:03:36","guid":{"rendered":"https:\/\/turanciaer.com\/?post_type=product&#038;p=1742"},"modified":"2025-06-02T18:49:46","modified_gmt":"2025-06-02T18:49:46","slug":"katlanir-bufe-standi","status":"publish","type":"product","link":"https:\/\/turanciaer.com\/en\/product\/katlanir-bufe-standi\/","title":{"rendered":"Foldable Buffet Stand"},"content":{"rendered":"<ul>\n<li>AISI 304 stainless steel profile legs<\/li>\n<li>Tempered 10 mm glass top<\/li>\n<\/ul>\n<p><strong>Dimensions: <\/strong><\/p>\n<ul>\n<li>70\u00d770\u00a0 H: 105 cm<\/li>\n<li>70\u00d770\u00a0 H: 90 cm<\/li>\n<li>70\u00d770\u00a0 H: 75 cm<\/li>\n<\/ul>","protected":false},"excerpt":{"rendered":"<p>AISI 304 Kalite Paslanmaz \u00c7elik Katlan\u0131r Profil Ayak 10 mm Temperli F\u00fcme veya Bronz Renk Cam Tabla \u00d6l\u00e7\u00fcler: 70&#215;70\u00a0 Y:<\/p>","protected":false},"featured_media":1743,"template":"","meta":[],"product_brand":[],"product_cat":[178,204],"product_tag":[],"class_list":{"0":"post-1742","1":"product","2":"type-product","3":"status-publish","4":"has-post-thumbnail","6":"product_cat-banket-toplanti-ekipmanlari","7":"product_cat-katlanir-stantlar","9":"first","10":"instock","11":"shipping-taxable","12":"product-type-simple"},"_links":{"self":[{"href":"https:\/\/turanciaer.com\/en\/wp-json\/wp\/v2\/product\/1742","targetHints":{"allow":["GET"]}}],"collection":[{"href":"https:\/\/turanciaer.com\/en\/wp-json\/wp\/v2\/product"}],"about":[{"href":"https:\/\/turanciaer.com\/en\/wp-json\/wp\/v2\/types\/product"}],"version-history":[{"count":1,"href":"https:\/\/turanciaer.com\/en\/wp-json\/wp\/v2\/product\/1742\/revisions"}],"predecessor-version":[{"id":1744,"href":"https:\/\/turanciaer.com\/en\/wp-json\/wp\/v2\/product\/1742\/revisions\/1744"}],"wp:featuredmedia":[{"embeddable":true,"href":"https:\/\/turanciaer.com\/en\/wp-json\/wp\/v2\/media\/1743"}],"wp:attachment":[{"href":"https:\/\/turanciaer.com\/en\/wp-json\/wp\/v2\/media?parent=1742"}],"wp:term":[{"taxonomy":"product_brand","embeddable":true,"href":"https:\/\/turanciaer.com\/en\/wp-json\/wp\/v2\/product_brand?post=1742"},{"taxonomy":"product_cat","embeddable":true,"href":"https:\/\/turanciaer.com\/en\/wp-json\/wp\/v2\/product_cat?post=1742"},{"taxonomy":"product_tag","embeddable":true,"href":"https:\/\/turanciaer.com\/en\/wp-json\/wp\/v2\/product_tag?post=1742"}],"curies":[{"name":"wp","href":"https:\/\/api.w.org\/{rel}","templated":true}]}}