{"id":1745,"date":"2025-05-27T05:07:08","date_gmt":"2025-05-27T05:07:08","guid":{"rendered":"https:\/\/turanciaer.com\/?post_type=product&#038;p=1745"},"modified":"2025-06-02T18:50:12","modified_gmt":"2025-06-02T18:50:12","slug":"traverten-gorunumlu-kokteyl-masa","status":"publish","type":"product","link":"https:\/\/turanciaer.com\/en\/product\/traverten-gorunumlu-kokteyl-masa\/","title":{"rendered":"Cocktail Table"},"content":{"rendered":"<ul>\n<li>MDF Laminate Table<\/li>\n<li>Rubber Edge<\/li>\n<li>AISI 304 stainless steel leg<\/li>\n<li>Pressed Sheet Metal Base<\/li>\n<\/ul>\n<p><strong>Dimensions: <\/strong> \u00d8: 70 H: 105 cm<\/p>","protected":false},"excerpt":{"rendered":"<p>MDF Lam Tabla Kau\u00e7uk Kenar AISI 304 Kalite Paslanmaz \u00c7elik Boru Ayak Pres Sac Taban \u00d6l\u00e7\u00fcler: \u00d8: 70 Y: 105<\/p>","protected":false},"featured_media":1746,"template":"","meta":[],"product_brand":[],"product_cat":[178,200],"product_tag":[],"class_list":{"0":"post-1745","1":"product","2":"type-product","3":"status-publish","4":"has-post-thumbnail","6":"product_cat-banket-toplanti-ekipmanlari","7":"product_cat-kokteyl-masalari","9":"first","10":"instock","11":"shipping-taxable","12":"product-type-simple"},"_links":{"self":[{"href":"https:\/\/turanciaer.com\/en\/wp-json\/wp\/v2\/product\/1745","targetHints":{"allow":["GET"]}}],"collection":[{"href":"https:\/\/turanciaer.com\/en\/wp-json\/wp\/v2\/product"}],"about":[{"href":"https:\/\/turanciaer.com\/en\/wp-json\/wp\/v2\/types\/product"}],"version-history":[{"count":1,"href":"https:\/\/turanciaer.com\/en\/wp-json\/wp\/v2\/product\/1745\/revisions"}],"predecessor-version":[{"id":1747,"href":"https:\/\/turanciaer.com\/en\/wp-json\/wp\/v2\/product\/1745\/revisions\/1747"}],"wp:featuredmedia":[{"embeddable":true,"href":"https:\/\/turanciaer.com\/en\/wp-json\/wp\/v2\/media\/1746"}],"wp:attachment":[{"href":"https:\/\/turanciaer.com\/en\/wp-json\/wp\/v2\/media?parent=1745"}],"wp:term":[{"taxonomy":"product_brand","embeddable":true,"href":"https:\/\/turanciaer.com\/en\/wp-json\/wp\/v2\/product_brand?post=1745"},{"taxonomy":"product_cat","embeddable":true,"href":"https:\/\/turanciaer.com\/en\/wp-json\/wp\/v2\/product_cat?post=1745"},{"taxonomy":"product_tag","embeddable":true,"href":"https:\/\/turanciaer.com\/en\/wp-json\/wp\/v2\/product_tag?post=1745"}],"curies":[{"name":"wp","href":"https:\/\/api.w.org\/{rel}","templated":true}]}}