{"id":1755,"date":"2025-05-27T10:36:09","date_gmt":"2025-05-27T10:36:09","guid":{"rendered":"https:\/\/turanciaer.com\/?post_type=product&#038;p=1755"},"modified":"2025-06-02T18:27:06","modified_gmt":"2025-06-02T18:27:06","slug":"cop-torbali-tepsi-arabasi","status":"publish","type":"product","link":"https:\/\/turanciaer.com\/en\/product\/cop-torbali-tepsi-arabasi\/","title":{"rendered":"Tray Trolley With Garbage Containers"},"content":{"rendered":"<ul>\n<li>AISI 304 Quality Stainless Skeleton<\/li>\n<li>Foldable Arms<\/li>\n<li>Sheet Metal Cover<\/li>\n<li>16 pcs. 37x53cm tray capacity<\/li>\n<li>Cup Basket (16 pcs cup capacity)<\/li>\n<li>2 pcs. Garbage Containers<\/li>\n<li>Four Movable Wheels, Two with Brakes<\/li>\n<\/ul>\n<p><strong>Dimensions: <\/strong>W: 56 L: 86 \/ 163 H: 137cm<\/p>","protected":false},"excerpt":{"rendered":"<p>AISI 304 Kalite Paslanmaz \u0130skelet Katlanabilir Kollar Sac Kapak 16 Adet Tepsi Ta\u015f\u0131ma Kapasitesi 16 Adet Bardakl\u0131k 2 Adet \u00c7\u00f6p<\/p>","protected":false},"featured_media":1756,"template":"","meta":[],"product_brand":[],"product_cat":[196],"product_tag":[],"class_list":{"0":"post-1755","1":"product","2":"type-product","3":"status-publish","4":"has-post-thumbnail","6":"product_cat-oda-servis-arabalari","8":"first","9":"instock","10":"shipping-taxable","11":"product-type-simple"},"_links":{"self":[{"href":"https:\/\/turanciaer.com\/en\/wp-json\/wp\/v2\/product\/1755","targetHints":{"allow":["GET"]}}],"collection":[{"href":"https:\/\/turanciaer.com\/en\/wp-json\/wp\/v2\/product"}],"about":[{"href":"https:\/\/turanciaer.com\/en\/wp-json\/wp\/v2\/types\/product"}],"version-history":[{"count":1,"href":"https:\/\/turanciaer.com\/en\/wp-json\/wp\/v2\/product\/1755\/revisions"}],"predecessor-version":[{"id":1757,"href":"https:\/\/turanciaer.com\/en\/wp-json\/wp\/v2\/product\/1755\/revisions\/1757"}],"wp:featuredmedia":[{"embeddable":true,"href":"https:\/\/turanciaer.com\/en\/wp-json\/wp\/v2\/media\/1756"}],"wp:attachment":[{"href":"https:\/\/turanciaer.com\/en\/wp-json\/wp\/v2\/media?parent=1755"}],"wp:term":[{"taxonomy":"product_brand","embeddable":true,"href":"https:\/\/turanciaer.com\/en\/wp-json\/wp\/v2\/product_brand?post=1755"},{"taxonomy":"product_cat","embeddable":true,"href":"https:\/\/turanciaer.com\/en\/wp-json\/wp\/v2\/product_cat?post=1755"},{"taxonomy":"product_tag","embeddable":true,"href":"https:\/\/turanciaer.com\/en\/wp-json\/wp\/v2\/product_tag?post=1755"}],"curies":[{"name":"wp","href":"https:\/\/api.w.org\/{rel}","templated":true}]}}