{"id":1761,"date":"2025-06-27T10:42:40","date_gmt":"2025-06-27T10:42:40","guid":{"rendered":"https:\/\/turanciaer.com\/?post_type=product&#038;p=1761"},"modified":"2025-10-02T07:15:50","modified_gmt":"2025-10-02T07:15:50","slug":"gastronomi-arabasi","status":"publish","type":"product","link":"https:\/\/turanciaer.com\/en\/product\/gastronomi-arabasi\/","title":{"rendered":"Gastronorm Trolley"},"content":{"rendered":"<ul>\n<li>13 pcs. tray capacity<\/li>\n<li>Impact Tire<\/li>\n<li>Four Movable Wheels, Two with Brakes<\/li>\n<\/ul>\n<p><strong>Dimensions: <\/strong>W: 68 L: 60\u00a0 H: 187 cm<\/p>","protected":false},"excerpt":{"rendered":"<p>13 Tepsi Ta\u015f\u0131ma Kapasiteli \u00c7arpma Lasti\u011fi \u0130kisi Frenli, D\u00f6rt Adet Hareketli Tekerlek \u00d6l\u00e7\u00fcler: E: 68 B: 60\u00a0 Y: 187 cm<\/p>","protected":false},"featured_media":1762,"template":"","meta":[],"product_brand":[],"product_cat":[208],"product_tag":[],"class_list":{"0":"post-1761","1":"product","2":"type-product","3":"status-publish","4":"has-post-thumbnail","6":"product_cat-gastronom-tepsi-tasima-arabalari","8":"first","9":"instock","10":"shipping-taxable","11":"product-type-simple"},"_links":{"self":[{"href":"https:\/\/turanciaer.com\/en\/wp-json\/wp\/v2\/product\/1761","targetHints":{"allow":["GET"]}}],"collection":[{"href":"https:\/\/turanciaer.com\/en\/wp-json\/wp\/v2\/product"}],"about":[{"href":"https:\/\/turanciaer.com\/en\/wp-json\/wp\/v2\/types\/product"}],"version-history":[{"count":1,"href":"https:\/\/turanciaer.com\/en\/wp-json\/wp\/v2\/product\/1761\/revisions"}],"predecessor-version":[{"id":1763,"href":"https:\/\/turanciaer.com\/en\/wp-json\/wp\/v2\/product\/1761\/revisions\/1763"}],"wp:featuredmedia":[{"embeddable":true,"href":"https:\/\/turanciaer.com\/en\/wp-json\/wp\/v2\/media\/1762"}],"wp:attachment":[{"href":"https:\/\/turanciaer.com\/en\/wp-json\/wp\/v2\/media?parent=1761"}],"wp:term":[{"taxonomy":"product_brand","embeddable":true,"href":"https:\/\/turanciaer.com\/en\/wp-json\/wp\/v2\/product_brand?post=1761"},{"taxonomy":"product_cat","embeddable":true,"href":"https:\/\/turanciaer.com\/en\/wp-json\/wp\/v2\/product_cat?post=1761"},{"taxonomy":"product_tag","embeddable":true,"href":"https:\/\/turanciaer.com\/en\/wp-json\/wp\/v2\/product_tag?post=1761"}],"curies":[{"name":"wp","href":"https:\/\/api.w.org\/{rel}","templated":true}]}}