{"id":1767,"date":"2025-05-27T11:13:19","date_gmt":"2025-05-27T11:13:19","guid":{"rendered":"https:\/\/turanciaer.com\/?post_type=product&#038;p=1767"},"modified":"2025-06-02T18:24:10","modified_gmt":"2025-06-02T18:24:10","slug":"tabak-arabasi","status":"publish","type":"product","link":"https:\/\/turanciaer.com\/en\/product\/tabak-arabasi\/","title":{"rendered":"Plate Trolley"},"content":{"rendered":"<ul>\n<li>Electrostatic powder coated tube structure<\/li>\n<li>100 plates capacity<\/li>\n<li>Easy change to any plate size<\/li>\n<li>Anti-slip silicon stoppers<\/li>\n<li>Impact Tire<\/li>\n<li>Four Movable Wheels, Two with Brakes<\/li>\n<\/ul>\n<p><strong>Dimensions: <\/strong>W: 40 L: 56\u00a0 H: 185 cm<\/p>","protected":false},"excerpt":{"rendered":"<p>Elektrostatik Boyal\u0131 DKP Profil \u0130skelet 100 Tabak Ta\u015f\u0131ma Kapasitesi Farkl\u0131 Tabak \u00d6l\u00e7\u00fclerine G\u00f6re Ayarlanabilir Tabaklar\u0131n Kaymas\u0131n\u0131 \u00d6nleyen Ayarlanabilir Halkalar \u00c7arpma<\/p>","protected":false},"featured_media":1769,"template":"","meta":[],"product_brand":[],"product_cat":[209],"product_tag":[],"class_list":{"0":"post-1767","1":"product","2":"type-product","3":"status-publish","4":"has-post-thumbnail","6":"product_cat-tabak-tasima-arabalari","8":"first","9":"instock","10":"shipping-taxable","11":"product-type-simple"},"_links":{"self":[{"href":"https:\/\/turanciaer.com\/en\/wp-json\/wp\/v2\/product\/1767","targetHints":{"allow":["GET"]}}],"collection":[{"href":"https:\/\/turanciaer.com\/en\/wp-json\/wp\/v2\/product"}],"about":[{"href":"https:\/\/turanciaer.com\/en\/wp-json\/wp\/v2\/types\/product"}],"version-history":[{"count":1,"href":"https:\/\/turanciaer.com\/en\/wp-json\/wp\/v2\/product\/1767\/revisions"}],"predecessor-version":[{"id":1770,"href":"https:\/\/turanciaer.com\/en\/wp-json\/wp\/v2\/product\/1767\/revisions\/1770"}],"wp:featuredmedia":[{"embeddable":true,"href":"https:\/\/turanciaer.com\/en\/wp-json\/wp\/v2\/media\/1769"}],"wp:attachment":[{"href":"https:\/\/turanciaer.com\/en\/wp-json\/wp\/v2\/media?parent=1767"}],"wp:term":[{"taxonomy":"product_brand","embeddable":true,"href":"https:\/\/turanciaer.com\/en\/wp-json\/wp\/v2\/product_brand?post=1767"},{"taxonomy":"product_cat","embeddable":true,"href":"https:\/\/turanciaer.com\/en\/wp-json\/wp\/v2\/product_cat?post=1767"},{"taxonomy":"product_tag","embeddable":true,"href":"https:\/\/turanciaer.com\/en\/wp-json\/wp\/v2\/product_tag?post=1767"}],"curies":[{"name":"wp","href":"https:\/\/api.w.org\/{rel}","templated":true}]}}