{"id":1771,"date":"2025-05-27T11:17:50","date_gmt":"2025-05-27T11:17:50","guid":{"rendered":"https:\/\/turanciaer.com\/?post_type=product&#038;p=1771"},"modified":"2025-06-02T18:54:20","modified_gmt":"2025-06-02T18:54:20","slug":"torbali-paspas-arabasi","status":"publish","type":"product","link":"https:\/\/turanciaer.com\/en\/product\/torbali-paspas-arabasi\/","title":{"rendered":"Mop Trolley"},"content":{"rendered":"<ul>\n<li>Electrostatic powder coated tube structure<\/li>\n<li>Two buckets and a press<\/li>\n<li>Dirty Bag<\/li>\n<li>Removable Plastic Lined Basket<\/li>\n<li>Impact Tire<\/li>\n<li>Four Movable Wheels, Two with Brakes<\/li>\n<\/ul>\n<p><strong>Dimensions: <\/strong>W: 45 L: 98\u00a0 H: 105 cm<\/p>","protected":false},"excerpt":{"rendered":"<p>Elektrostatik Boyal\u0131 DKP Profil \u0130skelet \u0130ki Adet Kova ve Pres Aparat\u0131 Kirli Torbas\u0131 \u00c7\u0131kar\u0131labilir Plastik Kaplama Sepet \u00c7arpma Lasti\u011fi \u0130kisi<\/p>","protected":false},"featured_media":1772,"template":"","meta":[],"product_brand":[],"product_cat":[176,194],"product_tag":[],"class_list":{"0":"post-1771","1":"product","2":"type-product","3":"status-publish","4":"has-post-thumbnail","6":"product_cat-kat-hizmetleri-ekipmanlari","7":"product_cat-temizlik-arabalari","9":"first","10":"instock","11":"shipping-taxable","12":"product-type-simple"},"_links":{"self":[{"href":"https:\/\/turanciaer.com\/en\/wp-json\/wp\/v2\/product\/1771","targetHints":{"allow":["GET"]}}],"collection":[{"href":"https:\/\/turanciaer.com\/en\/wp-json\/wp\/v2\/product"}],"about":[{"href":"https:\/\/turanciaer.com\/en\/wp-json\/wp\/v2\/types\/product"}],"version-history":[{"count":1,"href":"https:\/\/turanciaer.com\/en\/wp-json\/wp\/v2\/product\/1771\/revisions"}],"predecessor-version":[{"id":1773,"href":"https:\/\/turanciaer.com\/en\/wp-json\/wp\/v2\/product\/1771\/revisions\/1773"}],"wp:featuredmedia":[{"embeddable":true,"href":"https:\/\/turanciaer.com\/en\/wp-json\/wp\/v2\/media\/1772"}],"wp:attachment":[{"href":"https:\/\/turanciaer.com\/en\/wp-json\/wp\/v2\/media?parent=1771"}],"wp:term":[{"taxonomy":"product_brand","embeddable":true,"href":"https:\/\/turanciaer.com\/en\/wp-json\/wp\/v2\/product_brand?post=1771"},{"taxonomy":"product_cat","embeddable":true,"href":"https:\/\/turanciaer.com\/en\/wp-json\/wp\/v2\/product_cat?post=1771"},{"taxonomy":"product_tag","embeddable":true,"href":"https:\/\/turanciaer.com\/en\/wp-json\/wp\/v2\/product_tag?post=1771"}],"curies":[{"name":"wp","href":"https:\/\/api.w.org\/{rel}","templated":true}]}}