{"id":1778,"date":"2025-08-30T12:37:09","date_gmt":"2025-08-30T12:37:09","guid":{"rendered":"https:\/\/turanciaer.com\/?post_type=product&#038;p=1778"},"modified":"2025-10-02T06:09:27","modified_gmt":"2025-10-02T06:09:27","slug":"camasir-arabasi","status":"publish","type":"product","link":"https:\/\/turanciaer.com\/en\/product\/camasir-arabasi\/","title":{"rendered":"Laundry Trolley"},"content":{"rendered":"<ul>\n<li>Electrostatic powder coated tube structure<\/li>\n<li>Impact Tire<\/li>\n<li>Four Movable Wheels, Two with Brakes<\/li>\n<\/ul>\n<p><strong>Dimensions: <\/strong>W: 53 L: 96\u00a0 H: 104 cm<\/p>","protected":false},"excerpt":{"rendered":"<p>Elektrostatik Boyal\u0131 DKP Profil \u0130skelet \u00c7arpma Lasti\u011fi \u0130kisi Frenli, D\u00f6rt Adet Hareketli Tekerlek \u00d6l\u00e7\u00fcler: E: 53 B: 96\u00a0 Y: 104<\/p>","protected":false},"featured_media":1779,"template":"","meta":[],"product_brand":[],"product_cat":[192,176],"product_tag":[],"class_list":{"0":"post-1778","1":"product","2":"type-product","3":"status-publish","4":"has-post-thumbnail","6":"product_cat-camasir-arabalari","7":"product_cat-kat-hizmetleri-ekipmanlari","9":"first","10":"instock","11":"shipping-taxable","12":"product-type-simple"},"_links":{"self":[{"href":"https:\/\/turanciaer.com\/en\/wp-json\/wp\/v2\/product\/1778","targetHints":{"allow":["GET"]}}],"collection":[{"href":"https:\/\/turanciaer.com\/en\/wp-json\/wp\/v2\/product"}],"about":[{"href":"https:\/\/turanciaer.com\/en\/wp-json\/wp\/v2\/types\/product"}],"version-history":[{"count":1,"href":"https:\/\/turanciaer.com\/en\/wp-json\/wp\/v2\/product\/1778\/revisions"}],"predecessor-version":[{"id":1780,"href":"https:\/\/turanciaer.com\/en\/wp-json\/wp\/v2\/product\/1778\/revisions\/1780"}],"wp:featuredmedia":[{"embeddable":true,"href":"https:\/\/turanciaer.com\/en\/wp-json\/wp\/v2\/media\/1779"}],"wp:attachment":[{"href":"https:\/\/turanciaer.com\/en\/wp-json\/wp\/v2\/media?parent=1778"}],"wp:term":[{"taxonomy":"product_brand","embeddable":true,"href":"https:\/\/turanciaer.com\/en\/wp-json\/wp\/v2\/product_brand?post=1778"},{"taxonomy":"product_cat","embeddable":true,"href":"https:\/\/turanciaer.com\/en\/wp-json\/wp\/v2\/product_cat?post=1778"},{"taxonomy":"product_tag","embeddable":true,"href":"https:\/\/turanciaer.com\/en\/wp-json\/wp\/v2\/product_tag?post=1778"}],"curies":[{"name":"wp","href":"https:\/\/api.w.org\/{rel}","templated":true}]}}