{"id":1784,"date":"2025-08-30T12:39:48","date_gmt":"2025-08-30T12:39:48","guid":{"rendered":"https:\/\/turanciaer.com\/?post_type=product&#038;p=1784"},"modified":"2025-10-02T06:09:07","modified_gmt":"2025-10-02T06:09:07","slug":"camasir-arabasi-78","status":"publish","type":"product","link":"https:\/\/turanciaer.com\/en\/product\/camasir-arabasi-78\/","title":{"rendered":"Laundry Trolley"},"content":{"rendered":"<ul>\n<li>Electrostatic powder coated tube structure<\/li>\n<li>Impact Tire<\/li>\n<li>Four Movable Wheels, Two with Brakes<\/li>\n<\/ul>\n<p><strong>Dimensions: <\/strong>W: 60 L: 90\u00a0 H: 90 cm<\/p>","protected":false},"excerpt":{"rendered":"<p>Elektrostatik Boyal\u0131 DKP Profil \u0130skelet \u00c7arpma Lasti\u011fi \u0130kisi Frenli, D\u00f6rt Adet Hareketli Tekerlek \u00d6l\u00e7\u00fcler: E: 60 B: 90\u00a0 Y: 90<\/p>","protected":false},"featured_media":1785,"template":"","meta":[],"product_brand":[],"product_cat":[192,176],"product_tag":[],"class_list":{"0":"post-1784","1":"product","2":"type-product","3":"status-publish","4":"has-post-thumbnail","6":"product_cat-camasir-arabalari","7":"product_cat-kat-hizmetleri-ekipmanlari","9":"first","10":"instock","11":"shipping-taxable","12":"product-type-simple"},"_links":{"self":[{"href":"https:\/\/turanciaer.com\/en\/wp-json\/wp\/v2\/product\/1784","targetHints":{"allow":["GET"]}}],"collection":[{"href":"https:\/\/turanciaer.com\/en\/wp-json\/wp\/v2\/product"}],"about":[{"href":"https:\/\/turanciaer.com\/en\/wp-json\/wp\/v2\/types\/product"}],"version-history":[{"count":1,"href":"https:\/\/turanciaer.com\/en\/wp-json\/wp\/v2\/product\/1784\/revisions"}],"predecessor-version":[{"id":1786,"href":"https:\/\/turanciaer.com\/en\/wp-json\/wp\/v2\/product\/1784\/revisions\/1786"}],"wp:featuredmedia":[{"embeddable":true,"href":"https:\/\/turanciaer.com\/en\/wp-json\/wp\/v2\/media\/1785"}],"wp:attachment":[{"href":"https:\/\/turanciaer.com\/en\/wp-json\/wp\/v2\/media?parent=1784"}],"wp:term":[{"taxonomy":"product_brand","embeddable":true,"href":"https:\/\/turanciaer.com\/en\/wp-json\/wp\/v2\/product_brand?post=1784"},{"taxonomy":"product_cat","embeddable":true,"href":"https:\/\/turanciaer.com\/en\/wp-json\/wp\/v2\/product_cat?post=1784"},{"taxonomy":"product_tag","embeddable":true,"href":"https:\/\/turanciaer.com\/en\/wp-json\/wp\/v2\/product_tag?post=1784"}],"curies":[{"name":"wp","href":"https:\/\/api.w.org\/{rel}","templated":true}]}}