{"id":1796,"date":"2025-06-27T12:50:08","date_gmt":"2025-06-27T12:50:08","guid":{"rendered":"https:\/\/turanciaer.com\/?post_type=product&#038;p=1796"},"modified":"2025-10-02T07:13:57","modified_gmt":"2025-10-02T07:13:57","slug":"katlanir-valiz-arabasi-89","status":"publish","type":"product","link":"https:\/\/turanciaer.com\/en\/product\/katlanir-valiz-arabasi-89\/","title":{"rendered":"Luggage Trolley"},"content":{"rendered":"<ul>\n<li>Stainless steel tube<\/li>\n<li>Foldable Structure<\/li>\n<li>Carpet covers the platform<\/li>\n<li>2 fixed wheels<\/li>\n<\/ul>\n<p><strong>Dimensions: <\/strong>W: 34 \/ 83 L: 65\u00a0 H: 118 cm<\/p>","protected":false},"excerpt":{"rendered":"<p>AISI 304 Kalite Paslanmaz Boru Katlanabilir \u0130skelet Hal\u0131 Kaplamal\u0131 Y\u00fczey 2 Adet Dolgu Teker \u00d6l\u00e7\u00fcler: E: 34 \/ 83 B:<\/p>","protected":false},"featured_media":1797,"template":"","meta":[],"product_brand":[],"product_cat":[184],"product_tag":[],"class_list":{"0":"post-1796","1":"product","2":"type-product","3":"status-publish","4":"has-post-thumbnail","6":"product_cat-valiz-tasima-arabalari","8":"first","9":"instock","10":"shipping-taxable","11":"product-type-simple"},"_links":{"self":[{"href":"https:\/\/turanciaer.com\/en\/wp-json\/wp\/v2\/product\/1796","targetHints":{"allow":["GET"]}}],"collection":[{"href":"https:\/\/turanciaer.com\/en\/wp-json\/wp\/v2\/product"}],"about":[{"href":"https:\/\/turanciaer.com\/en\/wp-json\/wp\/v2\/types\/product"}],"version-history":[{"count":2,"href":"https:\/\/turanciaer.com\/en\/wp-json\/wp\/v2\/product\/1796\/revisions"}],"predecessor-version":[{"id":1824,"href":"https:\/\/turanciaer.com\/en\/wp-json\/wp\/v2\/product\/1796\/revisions\/1824"}],"wp:featuredmedia":[{"embeddable":true,"href":"https:\/\/turanciaer.com\/en\/wp-json\/wp\/v2\/media\/1797"}],"wp:attachment":[{"href":"https:\/\/turanciaer.com\/en\/wp-json\/wp\/v2\/media?parent=1796"}],"wp:term":[{"taxonomy":"product_brand","embeddable":true,"href":"https:\/\/turanciaer.com\/en\/wp-json\/wp\/v2\/product_brand?post=1796"},{"taxonomy":"product_cat","embeddable":true,"href":"https:\/\/turanciaer.com\/en\/wp-json\/wp\/v2\/product_cat?post=1796"},{"taxonomy":"product_tag","embeddable":true,"href":"https:\/\/turanciaer.com\/en\/wp-json\/wp\/v2\/product_tag?post=1796"}],"curies":[{"name":"wp","href":"https:\/\/api.w.org\/{rel}","templated":true}]}}