{"id":1799,"date":"2025-05-27T12:52:03","date_gmt":"2025-05-27T12:52:03","guid":{"rendered":"https:\/\/turanciaer.com\/?post_type=product&#038;p=1799"},"modified":"2025-06-02T18:21:25","modified_gmt":"2025-06-02T18:21:25","slug":"yonlendirme-panosu","status":"publish","type":"product","link":"https:\/\/turanciaer.com\/en\/product\/yonlendirme-panosu\/","title":{"rendered":"Routing Panel"},"content":{"rendered":"<ul>\n<li>Stainless Pipe Body and Base<\/li>\n<li>Plexiglass Frame (A4)<\/li>\n<li>Movable Panel for Horizontal and Vertical Use<\/li>\n<\/ul>\n<p><strong>Dimensions: <\/strong>\u00d8: 38 H: 100<\/p>","protected":false},"excerpt":{"rendered":"<p>Paslanmaz Boru G\u00f6vde ve Taban Plexiglass \u00c7er\u00e7eve ( A4 ) Yatay ve Dikey Kullan\u0131m \u0130\u00e7in Hareketli Panel \u00d6l\u00e7\u00fcler: \u00d8: 38<\/p>","protected":false},"featured_media":1800,"template":"","meta":[],"product_brand":[],"product_cat":[185],"product_tag":[],"class_list":{"0":"post-1799","1":"product","2":"type-product","3":"status-publish","4":"has-post-thumbnail","6":"product_cat-bariyer-yonlendirme-panolari","8":"first","9":"instock","10":"shipping-taxable","11":"product-type-simple"},"_links":{"self":[{"href":"https:\/\/turanciaer.com\/en\/wp-json\/wp\/v2\/product\/1799","targetHints":{"allow":["GET"]}}],"collection":[{"href":"https:\/\/turanciaer.com\/en\/wp-json\/wp\/v2\/product"}],"about":[{"href":"https:\/\/turanciaer.com\/en\/wp-json\/wp\/v2\/types\/product"}],"version-history":[{"count":1,"href":"https:\/\/turanciaer.com\/en\/wp-json\/wp\/v2\/product\/1799\/revisions"}],"predecessor-version":[{"id":1801,"href":"https:\/\/turanciaer.com\/en\/wp-json\/wp\/v2\/product\/1799\/revisions\/1801"}],"wp:featuredmedia":[{"embeddable":true,"href":"https:\/\/turanciaer.com\/en\/wp-json\/wp\/v2\/media\/1800"}],"wp:attachment":[{"href":"https:\/\/turanciaer.com\/en\/wp-json\/wp\/v2\/media?parent=1799"}],"wp:term":[{"taxonomy":"product_brand","embeddable":true,"href":"https:\/\/turanciaer.com\/en\/wp-json\/wp\/v2\/product_brand?post=1799"},{"taxonomy":"product_cat","embeddable":true,"href":"https:\/\/turanciaer.com\/en\/wp-json\/wp\/v2\/product_cat?post=1799"},{"taxonomy":"product_tag","embeddable":true,"href":"https:\/\/turanciaer.com\/en\/wp-json\/wp\/v2\/product_tag?post=1799"}],"curies":[{"name":"wp","href":"https:\/\/api.w.org\/{rel}","templated":true}]}}