{"id":1805,"date":"2025-05-27T13:00:03","date_gmt":"2025-05-27T13:00:03","guid":{"rendered":"https:\/\/turanciaer.com\/?post_type=product&#038;p=1805"},"modified":"2025-10-02T07:13:33","modified_gmt":"2025-10-02T07:13:33","slug":"bebek-yatagi","status":"publish","type":"product","link":"https:\/\/turanciaer.com\/en\/product\/bebek-yatagi\/","title":{"rendered":"Baby Cot"},"content":{"rendered":"<ul>\n<li>Wooden, foldable body<\/li>\n<li>Four Movable Wheels, Two with Brakes<\/li>\n<\/ul>\n<p>* Baby bed is included in the price.<br \/>\n<strong>Dimensions:\u00a0\u00a0<\/strong> W: 32 \/ 70 L: 102 H: 83cm<\/p>","protected":false},"excerpt":{"rendered":"<p>Ah\u015fap Katlan\u0131r G\u00f6vde \u0130kisi Frenli, D\u00f6rt Adet Hareketli Tekerlek * Bebek Yata\u011f\u0131 Fiyata Dahildir. \u00d6l\u00e7\u00fcler:\u00a0\u00a0 E: 32 \/ 70 B:<\/p>","protected":false},"featured_media":1806,"template":"","meta":[],"product_brand":[],"product_cat":[183],"product_tag":[],"class_list":{"0":"post-1805","1":"product","2":"type-product","3":"status-publish","4":"has-post-thumbnail","6":"product_cat-bebek-ekipmanlari","8":"first","9":"instock","10":"shipping-taxable","11":"product-type-simple"},"_links":{"self":[{"href":"https:\/\/turanciaer.com\/en\/wp-json\/wp\/v2\/product\/1805","targetHints":{"allow":["GET"]}}],"collection":[{"href":"https:\/\/turanciaer.com\/en\/wp-json\/wp\/v2\/product"}],"about":[{"href":"https:\/\/turanciaer.com\/en\/wp-json\/wp\/v2\/types\/product"}],"version-history":[{"count":1,"href":"https:\/\/turanciaer.com\/en\/wp-json\/wp\/v2\/product\/1805\/revisions"}],"predecessor-version":[{"id":1808,"href":"https:\/\/turanciaer.com\/en\/wp-json\/wp\/v2\/product\/1805\/revisions\/1808"}],"wp:featuredmedia":[{"embeddable":true,"href":"https:\/\/turanciaer.com\/en\/wp-json\/wp\/v2\/media\/1806"}],"wp:attachment":[{"href":"https:\/\/turanciaer.com\/en\/wp-json\/wp\/v2\/media?parent=1805"}],"wp:term":[{"taxonomy":"product_brand","embeddable":true,"href":"https:\/\/turanciaer.com\/en\/wp-json\/wp\/v2\/product_brand?post=1805"},{"taxonomy":"product_cat","embeddable":true,"href":"https:\/\/turanciaer.com\/en\/wp-json\/wp\/v2\/product_cat?post=1805"},{"taxonomy":"product_tag","embeddable":true,"href":"https:\/\/turanciaer.com\/en\/wp-json\/wp\/v2\/product_tag?post=1805"}],"curies":[{"name":"wp","href":"https:\/\/api.w.org\/{rel}","templated":true}]}}