{"id":2156,"date":"2025-05-25T11:10:37","date_gmt":"2025-05-25T11:10:37","guid":{"rendered":"https:\/\/turanciaer.com\/?post_type=product&#038;p=2156"},"modified":"2025-10-02T07:13:24","modified_gmt":"2025-10-02T07:13:24","slug":"servant-36","status":"publish","type":"product","link":"https:\/\/turanciaer.com\/en\/product\/servant-36\/","title":{"rendered":"Waiter Station"},"content":{"rendered":"<ul>\n<li>MDF Lam surface<\/li>\n<li>3 Compartment Drawer<\/li>\n<li>Cabinet with Lid<\/li>\n<\/ul>\n<p><strong>Dimensions:<\/strong> W: 44 L: 44\u00a0 H: 130 cm<\/p>","protected":false},"excerpt":{"rendered":"<p>MDF Lam G\u00f6vde 3 B\u00f6lmeli \u00c7ekmece Kapakl\u0131 Dolap \u00d6l\u00e7\u00fcler: E: 44 B: 44\u00a0 Y: 130 cm<\/p>","protected":false},"featured_media":2157,"template":"","meta":[],"product_brand":[],"product_cat":[189],"product_tag":[],"class_list":{"0":"post-2156","1":"product","2":"type-product","3":"status-publish","4":"has-post-thumbnail","6":"product_cat-servantlar","8":"first","9":"instock","10":"shipping-taxable","11":"product-type-simple"},"_links":{"self":[{"href":"https:\/\/turanciaer.com\/en\/wp-json\/wp\/v2\/product\/2156","targetHints":{"allow":["GET"]}}],"collection":[{"href":"https:\/\/turanciaer.com\/en\/wp-json\/wp\/v2\/product"}],"about":[{"href":"https:\/\/turanciaer.com\/en\/wp-json\/wp\/v2\/types\/product"}],"version-history":[{"count":1,"href":"https:\/\/turanciaer.com\/en\/wp-json\/wp\/v2\/product\/2156\/revisions"}],"predecessor-version":[{"id":2159,"href":"https:\/\/turanciaer.com\/en\/wp-json\/wp\/v2\/product\/2156\/revisions\/2159"}],"wp:featuredmedia":[{"embeddable":true,"href":"https:\/\/turanciaer.com\/en\/wp-json\/wp\/v2\/media\/2157"}],"wp:attachment":[{"href":"https:\/\/turanciaer.com\/en\/wp-json\/wp\/v2\/media?parent=2156"}],"wp:term":[{"taxonomy":"product_brand","embeddable":true,"href":"https:\/\/turanciaer.com\/en\/wp-json\/wp\/v2\/product_brand?post=2156"},{"taxonomy":"product_cat","embeddable":true,"href":"https:\/\/turanciaer.com\/en\/wp-json\/wp\/v2\/product_cat?post=2156"},{"taxonomy":"product_tag","embeddable":true,"href":"https:\/\/turanciaer.com\/en\/wp-json\/wp\/v2\/product_tag?post=2156"}],"curies":[{"name":"wp","href":"https:\/\/api.w.org\/{rel}","templated":true}]}}