{"id":2160,"date":"2025-05-25T11:28:56","date_gmt":"2025-05-25T11:28:56","guid":{"rendered":"https:\/\/turanciaer.com\/?post_type=product&#038;p=2160"},"modified":"2025-10-02T07:13:14","modified_gmt":"2025-10-02T07:13:14","slug":"paslanmaz-tepsi-standi","status":"publish","type":"product","link":"https:\/\/turanciaer.com\/en\/product\/paslanmaz-tepsi-standi\/","title":{"rendered":"Tray Jack Stainless Steel"},"content":{"rendered":"<ul>\n<li>Stainless steel tube<\/li>\n<li>Foldable Structure<\/li>\n<\/ul>\n<p><strong>Dimensions:<\/strong> W: 40 L: 56 H: 85 cm<\/p>","protected":false},"excerpt":{"rendered":"<p>AISI 304 Kalite Paslanmaz Boru Katlanabilir \u0130skelet \u00d6l\u00e7\u00fcler: E: 40 B: 56 Y: 85 cm<\/p>","protected":false},"featured_media":2161,"template":"","meta":[],"product_brand":[],"product_cat":[211],"product_tag":[],"class_list":{"0":"post-2160","1":"product","2":"type-product","3":"status-publish","4":"has-post-thumbnail","6":"product_cat-valiz-sehpalari","8":"first","9":"instock","10":"shipping-taxable","11":"product-type-simple"},"_links":{"self":[{"href":"https:\/\/turanciaer.com\/en\/wp-json\/wp\/v2\/product\/2160","targetHints":{"allow":["GET"]}}],"collection":[{"href":"https:\/\/turanciaer.com\/en\/wp-json\/wp\/v2\/product"}],"about":[{"href":"https:\/\/turanciaer.com\/en\/wp-json\/wp\/v2\/types\/product"}],"version-history":[{"count":1,"href":"https:\/\/turanciaer.com\/en\/wp-json\/wp\/v2\/product\/2160\/revisions"}],"predecessor-version":[{"id":2162,"href":"https:\/\/turanciaer.com\/en\/wp-json\/wp\/v2\/product\/2160\/revisions\/2162"}],"wp:featuredmedia":[{"embeddable":true,"href":"https:\/\/turanciaer.com\/en\/wp-json\/wp\/v2\/media\/2161"}],"wp:attachment":[{"href":"https:\/\/turanciaer.com\/en\/wp-json\/wp\/v2\/media?parent=2160"}],"wp:term":[{"taxonomy":"product_brand","embeddable":true,"href":"https:\/\/turanciaer.com\/en\/wp-json\/wp\/v2\/product_brand?post=2160"},{"taxonomy":"product_cat","embeddable":true,"href":"https:\/\/turanciaer.com\/en\/wp-json\/wp\/v2\/product_cat?post=2160"},{"taxonomy":"product_tag","embeddable":true,"href":"https:\/\/turanciaer.com\/en\/wp-json\/wp\/v2\/product_tag?post=2160"}],"curies":[{"name":"wp","href":"https:\/\/api.w.org\/{rel}","templated":true}]}}