{"id":2167,"date":"2025-05-25T11:55:39","date_gmt":"2025-05-25T11:55:39","guid":{"rendered":"https:\/\/turanciaer.com\/?post_type=product&#038;p=2167"},"modified":"2025-10-02T07:13:07","modified_gmt":"2025-10-02T07:13:07","slug":"toplanti-masasi","status":"publish","type":"product","link":"https:\/\/turanciaer.com\/en\/product\/toplanti-masasi\/","title":{"rendered":"Meeting Table"},"content":{"rendered":"<ul>\n<li>18 mm MDF Laminate Table<\/li>\n<li>2 mm PVC Edge or Rubber Edge Protection<\/li>\n<li>Electrostatic powder-coated tube foldable legs<\/li>\n<li>Practical and strong lock mechanisms<\/li>\n<li>Adjustment screws for rough ground<\/li>\n<li>Plastic Connection Device Protecting the Tray During Stacking<\/li>\n<li>Aluminum, PVC, or Rubber Edge Protection<\/li>\n<li>Practical and strong double lock mechanism<\/li>\n<li>Structure all metal framed<\/li>\n<li>Adjustable levelers increase stability on uneven floors<\/li>\n<li>The preventer rubber protects the surface of the top<\/li>\n<li>Round and Rectangular Banquet Table Edge Options<\/li>\n<\/ul>\n<p><strong>Dimensions:<\/strong><\/p>\n<ul>\n<li>45x120cm<\/li>\n<li>45x140cm<\/li>\n<li>45x160cm<\/li>\n<li>45x180cm<\/li>\n<\/ul>","protected":false},"excerpt":{"rendered":"<p>18 mm MDF Lam Tabla 2 mm PVC Kenar veya Kau\u00e7uk Kenar Koruma Elektrostatik Boyal\u0131 Katlan\u0131r Ayak Dayan\u0131kl\u0131 \u00d6zel Kilit<\/p>","protected":false},"featured_media":2166,"template":"","meta":[],"product_brand":[],"product_cat":[178,201],"product_tag":[],"class_list":{"0":"post-2167","1":"product","2":"type-product","3":"status-publish","4":"has-post-thumbnail","6":"product_cat-banket-toplanti-ekipmanlari","7":"product_cat-toplanti-masalari","9":"first","10":"instock","11":"shipping-taxable","12":"product-type-simple"},"_links":{"self":[{"href":"https:\/\/turanciaer.com\/en\/wp-json\/wp\/v2\/product\/2167","targetHints":{"allow":["GET"]}}],"collection":[{"href":"https:\/\/turanciaer.com\/en\/wp-json\/wp\/v2\/product"}],"about":[{"href":"https:\/\/turanciaer.com\/en\/wp-json\/wp\/v2\/types\/product"}],"version-history":[{"count":1,"href":"https:\/\/turanciaer.com\/en\/wp-json\/wp\/v2\/product\/2167\/revisions"}],"predecessor-version":[{"id":2168,"href":"https:\/\/turanciaer.com\/en\/wp-json\/wp\/v2\/product\/2167\/revisions\/2168"}],"wp:featuredmedia":[{"embeddable":true,"href":"https:\/\/turanciaer.com\/en\/wp-json\/wp\/v2\/media\/2166"}],"wp:attachment":[{"href":"https:\/\/turanciaer.com\/en\/wp-json\/wp\/v2\/media?parent=2167"}],"wp:term":[{"taxonomy":"product_brand","embeddable":true,"href":"https:\/\/turanciaer.com\/en\/wp-json\/wp\/v2\/product_brand?post=2167"},{"taxonomy":"product_cat","embeddable":true,"href":"https:\/\/turanciaer.com\/en\/wp-json\/wp\/v2\/product_cat?post=2167"},{"taxonomy":"product_tag","embeddable":true,"href":"https:\/\/turanciaer.com\/en\/wp-json\/wp\/v2\/product_tag?post=2167"}],"curies":[{"name":"wp","href":"https:\/\/api.w.org\/{rel}","templated":true}]}}