{"id":2173,"date":"2025-06-25T14:02:31","date_gmt":"2025-06-25T14:02:31","guid":{"rendered":"https:\/\/turanciaer.com\/?post_type=product&#038;p=2173"},"modified":"2025-10-02T07:17:53","modified_gmt":"2025-10-02T07:17:53","slug":"masa-tasima-arabasi","status":"publish","type":"product","link":"https:\/\/turanciaer.com\/en\/product\/masa-tasima-arabasi\/","title":{"rendered":"Round Table Trolley"},"content":{"rendered":"<ul>\n<li>Electrostatic powder coated tube structure<\/li>\n<li>Carpet Covers the Platform<\/li>\n<li>7 Table Capacity<\/li>\n<li>Four Movable Wheels, Two with Brakes<\/li>\n<\/ul>\n<p><strong>Dimensions: <\/strong>W: 70 L: 160 H: 107 cm<\/p>","protected":false},"excerpt":{"rendered":"<p>Elektrostatik Boyal\u0131 DKP Profil \u0130skelet Hal\u0131 Kaplamal\u0131 Zemin 7 Masa Ta\u015f\u0131ma Kapasitesi \u0130kisi Frenli, D\u00f6rt Adet Hareketli Tekerlek \u00d6l\u00e7\u00fcler: E:<\/p>","protected":false},"featured_media":2174,"template":"","meta":[],"product_brand":[],"product_cat":[178,196,202],"product_tag":[],"class_list":{"0":"post-2173","1":"product","2":"type-product","3":"status-publish","4":"has-post-thumbnail","6":"product_cat-banket-toplanti-ekipmanlari","7":"product_cat-oda-servis-arabalari","8":"product_cat-tasima-arabalari","10":"first","11":"instock","12":"shipping-taxable","13":"product-type-simple"},"_links":{"self":[{"href":"https:\/\/turanciaer.com\/en\/wp-json\/wp\/v2\/product\/2173","targetHints":{"allow":["GET"]}}],"collection":[{"href":"https:\/\/turanciaer.com\/en\/wp-json\/wp\/v2\/product"}],"about":[{"href":"https:\/\/turanciaer.com\/en\/wp-json\/wp\/v2\/types\/product"}],"version-history":[{"count":2,"href":"https:\/\/turanciaer.com\/en\/wp-json\/wp\/v2\/product\/2173\/revisions"}],"predecessor-version":[{"id":2176,"href":"https:\/\/turanciaer.com\/en\/wp-json\/wp\/v2\/product\/2173\/revisions\/2176"}],"wp:featuredmedia":[{"embeddable":true,"href":"https:\/\/turanciaer.com\/en\/wp-json\/wp\/v2\/media\/2174"}],"wp:attachment":[{"href":"https:\/\/turanciaer.com\/en\/wp-json\/wp\/v2\/media?parent=2173"}],"wp:term":[{"taxonomy":"product_brand","embeddable":true,"href":"https:\/\/turanciaer.com\/en\/wp-json\/wp\/v2\/product_brand?post=2173"},{"taxonomy":"product_cat","embeddable":true,"href":"https:\/\/turanciaer.com\/en\/wp-json\/wp\/v2\/product_cat?post=2173"},{"taxonomy":"product_tag","embeddable":true,"href":"https:\/\/turanciaer.com\/en\/wp-json\/wp\/v2\/product_tag?post=2173"}],"curies":[{"name":"wp","href":"https:\/\/api.w.org\/{rel}","templated":true}]}}