{"id":2177,"date":"2025-05-25T14:51:57","date_gmt":"2025-05-25T14:51:57","guid":{"rendered":"https:\/\/turanciaer.com\/?post_type=product&#038;p=2177"},"modified":"2025-10-02T07:12:38","modified_gmt":"2025-10-02T07:12:38","slug":"toplanti-masasi-56","status":"publish","type":"product","link":"https:\/\/turanciaer.com\/en\/product\/toplanti-masasi-56\/","title":{"rendered":"Meeting Table"},"content":{"rendered":"<ul>\n<li>18 mm MDF Laminate Table<\/li>\n<li>AISI 304 Quality Stainless Steel Folding Leg<\/li>\n<li>Aluminum, PVC, or Rubber Edge Protection<\/li>\n<li>Practical and strong double lock mechanism<\/li>\n<li>Adjustment screws for rough ground<\/li>\n<li>Plastic Connection Device Protecting the Tray During Stacking<\/li>\n<li>Round and Rectangular Banquet Table Edge Options<\/li>\n<li>Structure all metal framed<\/li>\n<li>Adjustable levelers increase stability on uneven floors<\/li>\n<\/ul>\n<p>*The front panel is not included in price.<\/p>\n<p><strong>Dimensions: <\/strong><\/p>\n<ul>\n<li>45&#215;120 cm<\/li>\n<li>45&#215;140 cm<\/li>\n<li>45&#215;160 cm<\/li>\n<li>45&#215;180 cm<\/li>\n<li>70&#215;120 cm<\/li>\n<li>70&#215;140 cm<\/li>\n<li>70&#215;160 cm<\/li>\n<li>70&#215;180 cm<\/li>\n<\/ul>","protected":false},"excerpt":{"rendered":"<p>18 mm\u00a0MDF Lam Tabla AISI 304 Kalite Paslanmaz \u00c7elik Katlan\u0131r Ayak Al\u00fcminyum, PVC veya T Kanall\u0131 Kau\u00e7uk Kenar Koruma Dayan\u0131kl\u0131<\/p>","protected":false},"featured_media":2178,"template":"","meta":[],"product_brand":[],"product_cat":[178,201],"product_tag":[],"class_list":{"0":"post-2177","1":"product","2":"type-product","3":"status-publish","4":"has-post-thumbnail","6":"product_cat-banket-toplanti-ekipmanlari","7":"product_cat-toplanti-masalari","9":"first","10":"instock","11":"shipping-taxable","12":"product-type-simple"},"_links":{"self":[{"href":"https:\/\/turanciaer.com\/en\/wp-json\/wp\/v2\/product\/2177","targetHints":{"allow":["GET"]}}],"collection":[{"href":"https:\/\/turanciaer.com\/en\/wp-json\/wp\/v2\/product"}],"about":[{"href":"https:\/\/turanciaer.com\/en\/wp-json\/wp\/v2\/types\/product"}],"version-history":[{"count":6,"href":"https:\/\/turanciaer.com\/en\/wp-json\/wp\/v2\/product\/2177\/revisions"}],"predecessor-version":[{"id":2184,"href":"https:\/\/turanciaer.com\/en\/wp-json\/wp\/v2\/product\/2177\/revisions\/2184"}],"wp:featuredmedia":[{"embeddable":true,"href":"https:\/\/turanciaer.com\/en\/wp-json\/wp\/v2\/media\/2178"}],"wp:attachment":[{"href":"https:\/\/turanciaer.com\/en\/wp-json\/wp\/v2\/media?parent=2177"}],"wp:term":[{"taxonomy":"product_brand","embeddable":true,"href":"https:\/\/turanciaer.com\/en\/wp-json\/wp\/v2\/product_brand?post=2177"},{"taxonomy":"product_cat","embeddable":true,"href":"https:\/\/turanciaer.com\/en\/wp-json\/wp\/v2\/product_cat?post=2177"},{"taxonomy":"product_tag","embeddable":true,"href":"https:\/\/turanciaer.com\/en\/wp-json\/wp\/v2\/product_tag?post=2177"}],"curies":[{"name":"wp","href":"https:\/\/api.w.org\/{rel}","templated":true}]}}