{"id":2191,"date":"2025-08-25T17:19:24","date_gmt":"2025-08-25T17:19:24","guid":{"rendered":"https:\/\/turanciaer.com\/?post_type=product&#038;p=2191"},"modified":"2025-08-25T17:23:20","modified_gmt":"2025-08-25T17:23:20","slug":"bos-toplama-arabasi-65","status":"publish","type":"product","link":"https:\/\/turanciaer.com\/en\/product\/bos-toplama-arabasi-65\/","title":{"rendered":"Empty Collecting Trolley"},"content":{"rendered":"<ul>\n<li>AISI 304 Quality Stainless Skeleton<\/li>\n<li>Four Movable Wheels, Two with Brakes<\/li>\n<\/ul>\n<p><strong>Dimensions: <\/strong>W: 55 L: 85 H: 90 cm<\/p>","protected":false},"excerpt":{"rendered":"<p>AISI 304 Kalite Paslanmaz \u0130skelet \u0130kisi Frenli, D\u00f6rt Adet Hareketli Tekerlek \u00d6l\u00e7\u00fcler: E: 55 B: 85 Y: 90 cm<\/p>","protected":false},"featured_media":2192,"template":"","meta":[],"product_brand":[],"product_cat":[207,206],"product_tag":[],"class_list":{"0":"post-2191","1":"product","2":"type-product","3":"status-publish","4":"has-post-thumbnail","6":"product_cat-mutfak-arabalari","7":"product_cat-mutfak-ekipmanlari","9":"first","10":"instock","11":"shipping-taxable","12":"product-type-simple"},"_links":{"self":[{"href":"https:\/\/turanciaer.com\/en\/wp-json\/wp\/v2\/product\/2191","targetHints":{"allow":["GET"]}}],"collection":[{"href":"https:\/\/turanciaer.com\/en\/wp-json\/wp\/v2\/product"}],"about":[{"href":"https:\/\/turanciaer.com\/en\/wp-json\/wp\/v2\/types\/product"}],"version-history":[{"count":1,"href":"https:\/\/turanciaer.com\/en\/wp-json\/wp\/v2\/product\/2191\/revisions"}],"predecessor-version":[{"id":2193,"href":"https:\/\/turanciaer.com\/en\/wp-json\/wp\/v2\/product\/2191\/revisions\/2193"}],"wp:featuredmedia":[{"embeddable":true,"href":"https:\/\/turanciaer.com\/en\/wp-json\/wp\/v2\/media\/2192"}],"wp:attachment":[{"href":"https:\/\/turanciaer.com\/en\/wp-json\/wp\/v2\/media?parent=2191"}],"wp:term":[{"taxonomy":"product_brand","embeddable":true,"href":"https:\/\/turanciaer.com\/en\/wp-json\/wp\/v2\/product_brand?post=2191"},{"taxonomy":"product_cat","embeddable":true,"href":"https:\/\/turanciaer.com\/en\/wp-json\/wp\/v2\/product_cat?post=2191"},{"taxonomy":"product_tag","embeddable":true,"href":"https:\/\/turanciaer.com\/en\/wp-json\/wp\/v2\/product_tag?post=2191"}],"curies":[{"name":"wp","href":"https:\/\/api.w.org\/{rel}","templated":true}]}}